{"id":1766287,"date":"2023-03-21T10:11:43","date_gmt":"2023-03-21T09:11:43","guid":{"rendered":"https:\/\/www.petit-train-marseille.com\/?page_id=1766287"},"modified":"2025-12-04T15:34:31","modified_gmt":"2025-12-04T14:34:31","slug":"mentions-legales","status":"publish","type":"page","link":"https:\/\/www.petit-train-marseille.com\/it\/mentions-legales\/","title":{"rendered":"Informazioni legali"},"content":{"rendered":"<p>[et_pb_section fb_built=\u00a0\u00bb1&Prime; _builder_version=\u00a0\u00bb4.20.2&Prime; _module_preset=\u00a0\u00bbdefault\u00a0\u00bb background_color=\u00a0\u00bb#03468C\u00a0\u00bb use_background_color_gradient=\u00a0\u00bbon\u00a0\u00bb background_color_gradient_direction=\u00a0\u00bb90deg\u00a0\u00bb background_color_gradient_stops=\u00a0\u00bb#03468c 0%|#239cd3 100%\u00a0\u00bb border_color_bottom=\u00a0\u00bb#239CD3&Prime; global_colors_info=\u00a0\u00bb{}\u00a0\u00bb][et_pb_row _builder_version=\u00a0\u00bb4.20.2&Prime; _module_preset=\u00a0\u00bbdefault\u00a0\u00bb global_colors_info=\u00a0\u00bb{}\u00a0\u00bb][et_pb_column type=\u00a0\u00bb4_4&Prime; _builder_version=\u00a0\u00bb4.20.0&Prime; _module_preset=\u00a0\u00bbdefault\u00a0\u00bb global_colors_info=\u00a0\u00bb{}\u00a0\u00bb][et_pb_text _builder_version=\u00a0\u00bb4.20.2&Prime; _module_preset=\u00a0\u00bbf89c640d-912c-46b2-b38c-7129b815711e\u00a0\u00bb header_text_color=\u00a0\u00bb#FFFFFF\u00a0\u00bb header_font_size=\u00a0\u00bb6vw\u00a0\u00bb header_font_size_tablet=\u00a0\u00bb6vw\u00a0\u00bb header_font_size_phone=\u00a0\u00bb9vw\u00a0\u00bb header_font_size_last_edited=\u00a0\u00bbon|phone\u00a0\u00bb global_colors_info=\u00a0\u00bb{}\u00a0\u00bb]<\/p>\n<h1>Mentions l\u00e9gales<\/h1>\n<p>[\/et_pb_text][\/et_pb_column][\/et_pb_row][\/et_pb_section][et_pb_section fb_built=\u00a0\u00bb1&Prime; _builder_version=\u00a0\u00bb4.20.2&Prime; _module_preset=\u00a0\u00bbdefault\u00a0\u00bb global_colors_info=\u00a0\u00bb{}\u00a0\u00bb][et_pb_row _builder_version=\u00a0\u00bb4.20.2&Prime; _module_preset=\u00a0\u00bbdefault\u00a0\u00bb global_colors_info=\u00a0\u00bb{}\u00a0\u00bb][et_pb_column type=\u00a0\u00bb4_4&Prime; _builder_version=\u00a0\u00bb4.20.2&Prime; _module_preset=\u00a0\u00bbdefault\u00a0\u00bb global_colors_info=\u00a0\u00bb{}\u00a0\u00bb][et_pb_text _builder_version=\u00a0\u00bb4.20.2&Prime; _module_preset=\u00a0\u00bbdefault\u00a0\u00bb global_colors_info=\u00a0\u00bb{}\u00a0\u00bb]<\/p>\n<p><strong>Pr\u00e9sentation du site<\/strong><br \/>Conform\u00e9ment aux dispositions des articles 6-III et 19 de la Loi n\u00b02004-575 du 21 juin 2004 pour la Confiance dans l\u2019\u00c9conomie num\u00e9rique, dite L.C.E.N, nous portons \u00e0 la connaissance des utilisateurs et visiteurs du site: http:\/\/www.petit-train-marseille.fr, les informations suivantes:<\/p>\n<p><strong>Informations l\u00e9gales<\/strong><br \/>Statut du propri\u00e9taire: SAS<br \/>Nom de la soci\u00e9t\u00e9: Soci\u00e9t\u00e9 YVES CHEVAL<br \/>Adresse: <span>314 Chem. de la Madrague-Ville<\/span><br \/>13015 MARSEILLE.<br \/>Au Capital de 8000 euros<br \/>SIRET n\u00b0 505\u00a0162\u00a0784 00019<br \/>R.C.S MARSEILLE<br \/>Nom commercial\u00a0: TTM 13<br \/>Num\u00e9ro TVA intracommunautaire: FR 37\u00a0505\u00a0162 784<br \/>Adresse de courrier \u00e9lectronique : ec100880@orange.fr<br \/>Le cr\u00e9ateur du site est : viaWEB \u2013 41 rue Dragon, 13006, MARSEILLE<br \/>Contactez le responsable de la publication: Emilie CHEVAL, SAS YVES CHEVAL,<span>\u00a0<\/span><a href=\"mailto:ec100880@orange.fr\">ec100880@orange.fr<\/a><br \/>Le responsable de la publication est une personne morale.<br \/>Le webmaster est viaWEB ; contactez le Webmaster:<span>\u00a0<\/span><a href=\"mailto:info@mediaprovence.com\">contact@viaweb.fr<\/a><br \/>L\u2019h\u00e9bergeur du site est : <span>Titan Datacenters France SAS<\/span><br \/><span>45 All\u00e9e des Ormes, E. Space Park B\u00e2timent D, 06250 Mougins<\/span>.<\/p>\n<h4><strong>CONDITIONS GENERALES D\u2019UTILISATION<\/strong><\/h4>\n<p>Ce site propose l\u2019achat de prestations et de biens en ligne\u00a0: les conditions g\u00e9n\u00e9rales de vente correspondantes sont disponibles sur les pages de pr\u00e9sentation de ces prestations et biens.<\/p>\n<p>L\u2019utilisation du site<span>\u00a0<\/span><a href=\"http:\/\/www.petit-train-marseille.com\/\"><strong>www.petit-train-marseille.com<\/strong><\/a><span>\u00a0<\/span>implique l\u2019acceptation pleine et enti\u00e8re des conditions g\u00e9n\u00e9rales d\u2019utilisation d\u00e9crites ci-apr\u00e8s. Ces conditions d\u2019utilisation sont susceptibles d\u2019\u00eatre modifi\u00e9es ou compl\u00e9t\u00e9es \u00e0 tout moment, sans pr\u00e9avis\u00a0; les utilisateurs du site<span>\u00a0<\/span><a href=\"http:\/\/www.petit-train-marseille.com\/\"><strong>www.petit-train-marseille.com<\/strong><\/a><span>\u00a0<\/span>sont invit\u00e9s \u00e0 les consulter de mani\u00e8re r\u00e9guli\u00e8re.<\/p>\n<p><a href=\"http:\/\/www.petit-train-marseille.com\/\"><strong>www.petit-train-marseille.com<\/strong><\/a>\u00a0est par principe accessible aux utilisateurs 24\/24h, 7\/7j, sauf interruption, programm\u00e9e ou non, pour les besoins de sa maintenance ou cas de force majeure. En cas d\u2019impossibilit\u00e9 d\u2019acc\u00e8s au service,<span>\u00a0<\/span><a href=\"http:\/\/www.petit-train-marseille.com\/\"><strong>www.petit-train-marseille.com<\/strong><\/a>\u00a0s\u2019engage \u00e0 faire son maximum afin de r\u00e9tablir l\u2019acc\u00e8s au service et s\u2019efforcera alors de communiquer pr\u00e9alablement aux utilisateurs les dates et heures de l\u2019intervention. N\u2019\u00e9tant soumis qu\u2019\u00e0 une obligation de moyen,<span>\u00a0<\/span><a href=\"http:\/\/www.petit-train-marseille.com\/\"><strong>www.petit-train-marseille.com<\/strong><\/a>\u00a0ne saurait \u00eatre tenu pour responsable de tout dommage, quel qu\u2019en soit la nature, r\u00e9sultant d\u2019une indisponibilit\u00e9 du service.<\/p>\n<p>Le site<span>\u00a0<\/span><a href=\"http:\/\/www.petit-train-marseille.com\/\"><strong>www.petit-train-marseille.com<\/strong><\/a><span>\u00a0<\/span>est mis \u00e0 jour r\u00e9guli\u00e8rement par le propri\u00e9taire du site. De la m\u00eame fa\u00e7on, les mentions l\u00e9gales peuvent \u00eatre modifi\u00e9es \u00e0 tout moment, sans pr\u00e9avis et s\u2019imposent \u00e0 l\u2019utilisateur sans r\u00e9serve. L\u2019utilisateur est r\u00e9put\u00e9 les accepter sans r\u00e9serve et s\u2019y r\u00e9f\u00e9rer r\u00e9guli\u00e8rement pour prendre connaissance des modifications. Le site se r\u00e9serve aussi le droit de c\u00e9der, transf\u00e9rer et ce, sans pr\u00e9avis les droits et\/ou obligations des pr\u00e9sentes CGU et mentions l\u00e9gales.<\/p>\n<p>En continuant \u00e0 utiliser les services du site<span>\u00a0<\/span><a href=\"http:\/\/www.petit-train-marseille.com\/\"><strong>www.petit-train-marseille.com<\/strong><\/a>, l\u2019utilisateur reconna\u00eet accepter les modifications des conditions g\u00e9n\u00e9rales qui seraient intervenues.<\/p>\n<p><strong>Description des services fournis<\/strong><br \/>Le site<span>\u00a0<\/span><a href=\"http:\/\/www.petit-train-marseille.com\/\"><strong>www.petit-train-marseille.com<\/strong><\/a><span>\u00a0<\/span>a pour objet de fournir une information concernant l\u2019ensemble des activit\u00e9s de la soci\u00e9t\u00e9 YVES CHEVAL. Le propri\u00e9taire du site s\u2019efforce de fournir sur le site<span>\u00a0<\/span><a href=\"http:\/\/www.petit-train-marseille.com\/\"><strong>www.petit-train-marseille.com<\/strong><\/a><span>\u00a0<\/span>des informations aussi pr\u00e9cises que possible. Toutefois, il ne pourra \u00eatre tenu responsable des omissions, des inexactitudes et des carences dans la mise \u00e0 jour, qu\u2019elles soient de son fait ou du fait des tiers partenaires qui lui fournissent ces informations.<\/p>\n<p>Toutes les informations propos\u00e9es sur le site<span>\u00a0<\/span><a href=\"http:\/\/www.petit-train-marseille.com\/\"><strong>www.petit-train-marseille.com<\/strong><\/a><span>\u00a0<\/span>sont donn\u00e9es \u00e0 titre indicatif, sont non exhaustives, et sont susceptibles d\u2019\u00e9voluer. Elles sont donn\u00e9es sous r\u00e9serve de modifications ayant \u00e9t\u00e9 apport\u00e9es depuis leur mise en ligne.<\/p>\n<p><strong>Limites de responsabilit\u00e9<\/strong><br \/>Le site<span>\u00a0<\/span><a href=\"http:\/\/www.petit-train-marseille.com\/\"><strong>www.petit-train-marseille.com<\/strong><\/a><span>\u00a0<\/span>utilise la technologie PHP. Le site<span>\u00a0<\/span><a href=\"http:\/\/www.petit-train-marseille.com\/\"><strong>www.petit-train-marseille.com<\/strong><\/a><span>\u00a0<\/span>ne saurait \u00eatre tenu responsable des erreurs typographiques ou inexactitudes apparaissant sur le service, ou de quelque dommage subi r\u00e9sultant de son utilisation. L\u2019utilisateur reste responsable de son \u00e9quipement et de son utilisation, de m\u00eame il supporte seul les co\u00fbts directs ou indirects suite \u00e0 sa connexion \u00e0 Internet. L\u2019utilisateur du site<span>\u00a0<\/span><a href=\"http:\/\/www.petit-train-marseille.com\/\"><strong>www.petit-train-marseille.com<\/strong><\/a><span>\u00a0<\/span>s\u2019engage \u00e0 acc\u00e9der \u00e0 celui-ci en utilisant un mat\u00e9riel r\u00e9cent, ne contenant pas de virus et avec un navigateur de derni\u00e8re g\u00e9n\u00e9ration mis jour.<br \/>L\u2019utilisateur d\u00e9gage la responsabilit\u00e9 de<span>\u00a0<\/span><a href=\"http:\/\/www.petit-train-marseille.com\/\"><strong>www.petit-train-marseille.com<\/strong><\/a><span>\u00a0<\/span>pour tout pr\u00e9judice qu\u2019il pourrait subir ou faire subir, directement ou indirectement, du fait des services propos\u00e9s. Seule la responsabilit\u00e9 de l\u2019utilisateur est engag\u00e9e par l\u2019utilisation du service propos\u00e9 et celui-ci d\u00e9gage express\u00e9ment le site<span>\u00a0<\/span><a href=\"http:\/\/www.petit-train-marseille.com\/\"><strong>www.petit-train-marseille.com<\/strong><\/a><span>\u00a0<\/span>de toute responsabilit\u00e9 vis-\u00e0-vis des tiers.<\/p>\n<p>Des espaces interactifs (possibilit\u00e9 de poser des questions dans l\u2019espace contact) sont \u00e0 la disposition des utilisateurs. Le site www.petit-train-touristique.com se r\u00e9serve le droit de supprimer, sans mise en demeure pr\u00e9alable tout contenu d\u00e9pos\u00e9 dans cet espace qui contreviendrait gravement \u00e0 la l\u00e9gislation applicable en France, en particulier aux dispositions relatives \u00e0 la protection des donn\u00e9es.<\/p>\n<p>Le cas \u00e9ch\u00e9ant, le propri\u00e9taire du site se r\u00e9serve \u00e9galement la possibilit\u00e9 de mettre en cause la responsabilit\u00e9 civile et\/ou p\u00e9nale de l\u2019utilisateur, notamment en cas de message \u00e0 caract\u00e8re raciste, injurieux, diffamant ou pornographique, quel que soit le support utilis\u00e9 (texte, photographie\u2026).<br \/>Il est ici rappel\u00e9 que les d\u00e9veloppeurs du site<span>\u00a0<\/span><a href=\"http:\/\/www.petit-train-marseille.com\/\"><strong>www.petit-train-marseille.com<\/strong><\/a><span>\u00a0<\/span>gardent trace de l\u2019adresse mail, et de l\u2019adresse OP de l\u2019utilisateur. En cons\u00e9quence, il doit \u00eatre conscient qu\u2019en cas d\u2019injonction de l\u2019autorit\u00e9 judiciaire, il peut \u00eatre retrouv\u00e9 et poursuivi.<\/p>\n<p><strong>Propri\u00e9t\u00e9 intellectuelle et contrefa\u00e7on du site<\/strong><br \/>Le propri\u00e9taire du site est propri\u00e9taire des droits de propri\u00e9t\u00e9 intellectuelle ou d\u00e9tient les droits d\u2019usage sur tous les \u00e9l\u00e9ments accessibles sur le site, notamment les textes, images, graphismes, logo, ic\u00f4nes, sons, logiciels. Toute reproduction, repr\u00e9sentation, modification, adaptation totale ou partielle des \u00e9l\u00e9ments du site, quel que soit le moyen ou le proc\u00e9d\u00e9 utilis\u00e9 est interdite, sauf autorisation \u00e9crite pr\u00e9alable demand\u00e9e \u00e0 l\u2019adresse mail : ec100880@orange.fr.<\/p>\n<p>Toute exploitation non autoris\u00e9e du site ou de l\u2019un quelconque des \u00e9l\u00e9ments qu\u2019il contient sera consid\u00e9r\u00e9e comme constitutive d\u2019une contrefa\u00e7on et poursuivie conform\u00e9ment aux dispositions des articles L.335-2 et suivants du Code de Propri\u00e9t\u00e9 Intellectuelle.<\/p>\n<p><strong>Liens hypertextes et cookies<\/strong><br \/>Le site<span>\u00a0<\/span><a href=\"http:\/\/www.petit-train-marseille.com\/\"><strong>www.petit-train-marseille.com<\/strong><\/a><span>\u00a0<\/span>contient un certain nombre de liens hypertextes vers d\u2019autres sites (partenaires, informations\u2026) mis en place avec l\u2019autorisation du propri\u00e9taire du site. Cependant, le propri\u00e9taire du site n\u2019a pas la possibilit\u00e9 de v\u00e9rifier le contenu des sites ainsi visit\u00e9s et d\u00e9cline donc toute responsabilit\u00e9 de ce fait quant aux risques \u00e9ventuels de contenus illicites. L\u2019utilisateur est inform\u00e9 que lors de ses visites sur le site<span>\u00a0<\/span><a href=\"http:\/\/www.petit-train-marseille.com\/\"><strong>www.petit-train-marseille.com<\/strong><\/a>, un ou des cookies sont susceptible de s\u2019installer automatiquement sur son ordinateur. Un cookie est un fichier de petite taille, qui ne permet pas l\u2019identification de l\u2019utilisateur, mais qui enregistre des informations relatives \u00e0 la navigation d\u2019un ordinateur sur un site. Les donn\u00e9es ainsi obtenues visent \u00e0 faciliter la navigation ult\u00e9rieure sur le site et ont \u00e9galement vocation \u00e0 permettre diverses mesures de fr\u00e9quentation.<br \/>Le param\u00e9trage du logiciel de navigation permet d\u2019informer de la pr\u00e9sence de cookie et \u00e9ventuellement, de les refuser de la mani\u00e8re d\u00e9crite \u00e0 l\u2019adresse suivante : www.cnil.fr. Le refus d\u2019installation d\u2019un cookie peut entra\u00eener l\u2019impossibilit\u00e9 d\u2019acc\u00e9der \u00e0 certains services. L\u2019utilisateur peut toutefois configurer son ordinateur de la mani\u00e8re suivante, pour refuser l\u2019installation des cookies ;<br \/>\u2013 Sous Google\u00a0Chrome\u00a0: dans le menu \u00ab\u00a0Google Chrome\u00a0\u00bb, cliquer sur Param\u00e8tres &gt; Afficher les param\u00e8tres avanc\u00e9s. Dans la section \u00ab\u00a0Confidentialit\u00e9\u00a0\u00bb, cliquer sur \u00ab\u00a0Param\u00e8tres de contenu\u00a0\u00bb.<br \/>Acc\u00e9der \u00e0 la section \u00ab\u00a0Cookies\u00a0\u00bb pour modifier les param\u00e8tres.<br \/>-Sous Internet Explorer : dans le menu \u00ab\u00a0Internet Explorer\u00a0\u00bb, cliquer sur Outil &gt; options internet. Cliquer sur Confidentialit\u00e9; et choisir Bloquer tous les cookies. Valider sur Ok.<\/p>\n<p><strong>Droit applicable et attribution de juridiction<\/strong><br \/>Tout litige en relation avec l\u2019utilisation du site<span>\u00a0<\/span><a href=\"http:\/\/www.petit-train-marseille.com\/\"><strong>www.petit-train-marseille.com<\/strong><\/a><span>\u00a0<\/span>est soumis au droit fran\u00e7ais. L\u2019utilisateur ainsi que<span>\u00a0<\/span><a href=\"http:\/\/www.petit-train-marseille.com\/\"><strong>www.petit-train-marseille.com<\/strong><\/a><span>\u00a0<\/span>acceptent de se soumettre \u00e0 la comp\u00e9tence exclusive des tribunaux Fran\u00e7ais en cas de litige.<\/p>\n<p><strong>Protection des biens et des personnes \u2013 gestion des donn\u00e9es personnelles<\/strong><br \/>En France, les donn\u00e9es personnelles sont notamment prot\u00e9g\u00e9es par la loi n\u00b0 78-87 du 6 janvier 1978, la loi n\u00b02004-801 du 6 ao\u00fbt 2004, article 226-13 du Code p\u00e9nal et la Directive Europ\u00e9enne du 24 octobre 1995.<br \/>Sur le site<span>\u00a0<\/span><a href=\"http:\/\/www.petit-train-marseille.com\/\"><strong>www.petit-train-marseille.com<\/strong><\/a>, le propri\u00e9taire du site ne collecte des informations personnelles relatives \u00e0 l\u2019utilisateur que pour le besoin de certains services propos\u00e9s par le site<span>\u00a0<\/span><a href=\"http:\/\/www.petit-train-marseille.com\/\"><strong>www.petit-train-marseille.com<\/strong><\/a>.<br \/>L\u2019utilisateur fournit ces informations en toute connaissance de cause, notamment lorsqu\u2019il proc\u00e8de par lui-m\u00eame \u00e0 leur saisie. Il est alors pr\u00e9cis\u00e9 \u00e0 l\u2019utilisateur du site<span>\u00a0<\/span><a href=\"http:\/\/www.petit-train-marseille.com\/\"><strong>www.petit-train-marseille.com<\/strong><\/a><span>\u00a0<\/span>l\u2019obligation ou non de fournir ces informations.<br \/>Conform\u00e9ment aux dispositions des articles 38 et suivants de la loi 78-17 du 6 janvier 1978 relative \u00e0 l\u2019informatique, aux fichiers et aux libert\u00e9s, tout utilisateur dispose d\u2019un droit d\u2019acc\u00e8s, de rectification, de suppression et d\u2019opposition aux donn\u00e9es personnelles le concernant. Pour l\u2019exercer, adressez votre demande \u00e0 www.petit-train-touristique.com par email : ec100880@orange.fr, en effectuant sa demande \u00e9crite et sign\u00e9e, accompagn\u00e9e d\u2019une copie du titre d\u2019identit\u00e9 avec signature du titulaire de la pi\u00e8ce en pr\u00e9cisant l\u2019adresse \u00e0 laquelle la r\u00e9ponse doit \u00eatre envoy\u00e9e.<\/p>\n<p>Aucune information personnelle de l\u2019utilisateur du site<span>\u00a0<\/span><a href=\"http:\/\/www.petit-train-marseille.com\/\"><strong>www.petit-train-marseille.com<\/strong><\/a><span>\u00a0<\/span>n\u2019est publi\u00e9e \u00e0 l\u2019insu de l\u2019utilisateur, \u00e9chang\u00e9e, transf\u00e9r\u00e9e, c\u00e9d\u00e9e ou vendue sur un support quelconque \u00e0 des tiers. Seule l\u2019hypoth\u00e8se du rachat du site<span>\u00a0<\/span><a href=\"http:\/\/www.petit-train-marseille.com\/\"><strong>www.petit-train-marseille.com<\/strong><\/a><span>\u00a0<\/span>au propri\u00e9taire du site et de ses droits permettrait la transmission des dites informations \u00e0 un \u00e9ventuel acqu\u00e9reur qui serait \u00e0 son tour tenu de la m\u00eame obligation de conservation et de modification des donn\u00e9es vis-\u00e0-vis de l\u2019utilisateur du site<span>\u00a0<\/span><a href=\"http:\/\/www.petit-train-marseille.com\/\"><strong>www.petit-train-marseille.com<\/strong><\/a>.<br \/>Le site<span>\u00a0<\/span><a href=\"http:\/\/www.petit-train-marseille.com\/\"><strong>www.petit-train-marseille.com<\/strong><\/a><span>\u00a0<\/span>est d\u00e9clar\u00e9 \u00e0 la CNIL sous le num\u00e9ro 1950461 v 0. Les bases de donn\u00e9es sont prot\u00e9g\u00e9es par les dispositions de la loi du 1er juillet 1998 transposant la directive 96\/9\/CE du 11 mars 1996 relative \u00e0 la protection juridique des bases de donn\u00e9es.<\/p>\n<p>[\/et_pb_text][\/et_pb_column][\/et_pb_row][\/et_pb_section]<\/p>\n","protected":false},"excerpt":{"rendered":"<p>Mentions l\u00e9galesPr\u00e9sentation du siteConform\u00e9ment aux dispositions des articles 6-III et 19 de la Loi n\u00b02004-575 du 21 juin 2004 pour la Confiance dans l\u2019\u00c9conomie num\u00e9rique, dite L.C.E.N, nous portons \u00e0 la connaissance des utilisateurs et visiteurs du site: http:\/\/www.petit-train-marseille.fr, les informations suivantes: Informations l\u00e9galesStatut du propri\u00e9taire: SASNom de la soci\u00e9t\u00e9: Soci\u00e9t\u00e9 YVES CHEVALAdresse: 314 Chem. [&hellip;]<\/p>\n","protected":false},"author":1,"featured_media":0,"parent":0,"menu_order":12,"comment_status":"closed","ping_status":"closed","template":"","meta":{"_et_pb_use_builder":"on","_et_pb_old_content":"","_et_gb_content_width":"","footnotes":""},"dipi_cpt_category":[],"class_list":["post-1766287","page","type-page","status-publish","hentry"],"_links":{"self":[{"href":"https:\/\/www.petit-train-marseille.com\/it\/wp-json\/wp\/v2\/pages\/1766287","targetHints":{"allow":["GET"]}}],"collection":[{"href":"https:\/\/www.petit-train-marseille.com\/it\/wp-json\/wp\/v2\/pages"}],"about":[{"href":"https:\/\/www.petit-train-marseille.com\/it\/wp-json\/wp\/v2\/types\/page"}],"author":[{"embeddable":true,"href":"https:\/\/www.petit-train-marseille.com\/it\/wp-json\/wp\/v2\/users\/1"}],"replies":[{"embeddable":true,"href":"https:\/\/www.petit-train-marseille.com\/it\/wp-json\/wp\/v2\/comments?post=1766287"}],"version-history":[{"count":6,"href":"https:\/\/www.petit-train-marseille.com\/it\/wp-json\/wp\/v2\/pages\/1766287\/revisions"}],"predecessor-version":[{"id":1767674,"href":"https:\/\/www.petit-train-marseille.com\/it\/wp-json\/wp\/v2\/pages\/1766287\/revisions\/1767674"}],"wp:attachment":[{"href":"https:\/\/www.petit-train-marseille.com\/it\/wp-json\/wp\/v2\/media?parent=1766287"}],"wp:term":[{"taxonomy":"dipi_cpt_category","embeddable":true,"href":"https:\/\/www.petit-train-marseille.com\/it\/wp-json\/wp\/v2\/dipi_cpt_category?post=1766287"}],"curies":[{"name":"wp","href":"https:\/\/api.w.org\/{rel}","templated":true}]}}