{"id":158,"date":"2023-03-14T17:48:33","date_gmt":"2023-03-14T16:48:33","guid":{"rendered":"https:\/\/www.petit-train-marseille.com\/?page_id=158"},"modified":"2026-01-01T09:40:28","modified_gmt":"2026-01-01T08:40:28","slug":"circuit-2-vieux-marseille-terrasses-du-port","status":"publish","type":"page","link":"https:\/\/www.petit-train-marseille.com\/es\/circuit-2-vieux-marseille-terrasses-du-port\/","title":{"rendered":"Ruta 2: Marsella Vieja - Terrasses du Port"},"content":{"rendered":"<p>[et_pb_section fb_built=\"1\u2033 _builder_version=\"4.20.2\u2033 _module_preset=\"default \" background_color=\"#03468C \" use_background_color_gradient=\"on \" background_color_gradient_direction=\"90deg \" background_color_gradient_stops= \"#03468c 0%|#239cd3 100% \" border_color_bottom=\"#239CD3\u2033 locked=\"off \" global_colors_info=\"{}\"][et_pb_row _builder_version=\"4.20.2\u2033 _module_preset=\"default \" global_colors_info=\"{} \"][et_pb_column type=\"4_4\u2033 _builder_version=\"4.20.0\u2033 _module_preset=\"default \" global_colors_info=\"{} \"][et_pb_text _builder_version=\"4.20.2\u2033 _module_preset=\"f89c640d-912c-46b2-b38c-7129b815711e \" header_text_color=\"#FFFFFF \" header_font_size=\"6vw \" header_font_size_tablet=\"7vw \" header_font_size_phone=\"9vw \" header_font_size_last_edited=\"on|phone \" global_colors_info=\"{} \"]<\/p>\n<h1><span style=\"font-size: 5vw;\">Circuito 2<\/span><br \/>Vieux Marseille - Terrasses du Port<\/h1>\n<p>[\/et_pb_text][\/et_pb_column][\/et_pb_row][\/et_pb_section][et_pb_section fb_built=\u00bb1\u2033 disabled_on=\u00bbon|on|on \u00bb admin_label=\u00bbBanner de notificaci\u00f3n\u00bb _builder_version=\u00bb4.27.4\u2033 background_color=\u00bbrgba(242,43,43,0.88)\u00bb custom_padding=\u00bb0px||0px||true|false\u00bb disabled=\u00bbon \u00bb locked=\u00bboff \u00bb collapsed=\u00bboff \u00bb global_colors_info=\u00bb{}\u00bb][et_pb_row disabled_on=\u00bboff|off|off \u00bb _builder_version=\u00bb4.27.4\u2033 width=\u00bb95%\u00bb overflow-x=\u00bbhidden \u00bb overflow-y=\u00bbhidden \u00bb custom_padding=\u00bb10px||10px||true|false \u00bb border_radii=\u00bbon|10px|10px|10px|10px \u00bb global_colors_info=\u00bb{}\u00bb][et_pb_column type=\u00bb4_4\u2033 _builder_version=\u00bb4.16\u2033 global_colors_info=\u00bb{} \u00bb][et_pb_text disabled_on=\u00bboff|off|off \u00bb admin_label=\u00bbDesde el jueves 4 de julio hasta el 1 de septiembre, el Trencito saldr\u00e1 de la esquina del Quai du Port y la Rue de la Bonneterie \u00bb _builder_version=\u00bb4.27.4\u2033 text_font=\u00bbArial|||||||| \u00bb text_text_color=\u00bb#FFFFFF \u00bb text_font_size=\u00bb40px \u00bb text_letter_spacing=\u00bb-1px \u00bb text_line_height=\u00bb1.2em \u00bb text_orientation=\u00bbcenter \u00bb animation_direction=\u00bbright \u00bb text_font_size_tablet=\u00bb40px \u00bb text_font_size_phone=\u00bb17px \u00bb text_font_size_last_edited=\u00bbon|phone \u00bb global_colors_info=\u00bb{} \u00bb]<\/p>\n<p>El circuito n\u00ba 2 est\u00e1 cerrado hasta el 1 de septiembre de 2025<\/p>\n<p>[\/et_pb_text][\/et_pb_column][\/et_pb_row][\/et_pb_section][et_pb_section fb_built=\"1\u2033 admin_label=\"Cabecera \" _builder_version=\"4.20.2\u2033 _module_preset=\"default \" background_color=\"#F4F4F4\u2033 border_color_bottom=\"#239CD3\u2033 collapsed=\"off \" global_colors_info=\"{}\"][et_pb_row column_structure=\"3_4,1_4\u2033 _builder_version=\"4.20.2\u2033 width_tablet=\"90% \" width_phone=\"90% \" width_last_edited=\"on|phone \" locked=\"off \" global_colors_info=\"{} \"][et_pb_column type=\"3_4\u2033 _builder_version=\"4.16\u2033 global_colors_info=\"{} \"][et_pb_text _builder_version=\"4.20.2\u2033 _module_preset=\"f89c640d-912c-46b2-b38c-7129b815711e \" header_text_color=\"#03468C \" header_font_size=\"7vw \" header_2_font=\"Arial|700||||||| \" header_2_text_color=\"#03468C \" header_2_font_size=\"4vw \" header_2_letter_spacing=\"-0.02em \" header_2_font_size_tablet=\"5vw \" header_2_font_size_phone=\"7vw \" header_2_font_size_last_edited=\"on|phone \" locked=\"off \" global_colors_info=\"{} \"]<\/p>\n<h2>Detalles del viaje<\/h2>\n<p>[\/et_pb_text][et_pb_divider color=\"#239CD3\u2033 divider_weight=\"8px \" _builder_version=\"4.20.2\u2033 _module_preset=\"default \" width=\"10% \" custom_margin=\"-20px||||false|false \" custom_padding=\"0px||||false|false \" global_colors_info=\"{}\"][\/et_pb_divider][\/et_pb_column][et_pb_column type=\"1_4\u2033 _builder_version=\"4.16\u2033 global_colors_info=\"{} \"][et_pb_blurb title=\"Salida del tren\" use_icon=\"on\" font_icon=\"\ue081||divi||400\u2033 icon_placement=\"left\" disabled_on=\"on|on|off\" _builder_version=\"4.27.0\u2033 _module_preset=\"default \" header_font=\"|700||||||| \" header_text_color=\"#03468C \" body_text_color=\"#239CD3\u2033 custom_margin=\"30px||||false|false \" global_colors_info=\"{}\"]<\/p>\n<p>174 Quai du Port<br \/>13002 Marsella<\/p>\n<p>[\/et_pb_blurb][\/et_pb_column][\/et_pb_row][et_pb_row column_structure=\u00bb1_2,1_2\u2033 disabled_on=\u00bboff|off|on \u00bb module_class=\u00bbtwo-col-mob \u00bb _builder_version=\u00bb4.27.5\u2033 _module_preset=\u00bbdefault \u00bb display_conditions= \u00bbW3siaWQiOiIwNTQxY2Q0Yi0xYzAxLTQ1NmQtODdhMi1kNWJiZjhkZWExYTgiLCJjb25kaXRpb24iOiJkYXRlVGltZSIsImNvbmRpdGlvblNldHRpbmdzIjp7ImRpc3BsYXlSdWxlIjoiaXNBZnRlciIsImRhdGUiOiIyMDI1LTEyLTMxIiwidGltZSI6IjAwOjAxIiwid2Vla2RheXMiOiJ8IiwiYWxsRGF5Ijoib24iLCJmcm9tVGltZSI6IjAwOjAwIiwidW50aWxUaW1lIjoiMDA6MDAiLCJyZXBlYXQiOiJvZmYiLCJyZXBlYXRGcmVxdWVuY3kiOiJtb250aGx5IiwicmVwZWF0RnJlcXVlbmN5U3BlY2lmaWNEYXlzIjoid2Vla2x5IiwicmVwZWF0RW5kIjoibmV2ZXIiLCJyZXBlYXRVbnRpbERhdGUiOiIyMDI1LTExLTIwIiwicmVwZWF0VGltZXMiOiIzIiwiYWRtaW5MYWJlbCI6IkRhdGUgZXQgaGV1cmUiLCJlbmFibGVDb25kaXRpb24iOiJvbiJ9LCJvcGVyYXRvciI6Ik9SIn1d \u00bb custom_margin= \u00bb-29px||0px||false|false \u00bb custom_padding=\u00bb0px||0px||false|false \u00bb hover_enabled=\u00bb0\u2033 locked=\u00bboff \u00bb global_colors_info=\u00bb{} \u00bb sticky_enabled=\u00bb0\u2033][et_pb_column type=\u00bb1_2\u2033 _builder_version=\u00bb4.20.2\u2033 _module_preset=\u00bbdefault \u00bb global_colors_info=\u00bb{} \u00bb][et_pb_blurb title=\u00bbSalida del tren\u00bb use_icon=\u00bbon \u00bb font_icon=\u00bb\ue081||divi||400\u2033 icon_placement=\u00bbleft \u00bb image_icon_width=\u00bb30px \u00bb _builder_version=\u00bb4.27.0\u2033 _module_preset=\u00bbdefault \u00bb header_font=\u00bb|700||||||| \u00bb header_text_color=\u00bb#03468C \u00bb body_text_color=\u00bb#239CD3\u2033 custom_margin=\u00bb30px||||false|false \u00bb header_font_size_tablet= \u00bb \u00bb header_font_size_phone=\u00bb17px \u00bb header_font_size_last_edited=\u00bbon|phone \u00bb body_font_size_tablet= \u00bb \u00bb body_font_size_phone=\u00bb16px \u00bb body_font_size_last_edited=\u00bbon|phone \u00bb global_colors_info=\u00bb{}\u00bb]<\/p>\n<p>174 Quai du Port<br \/>13002 Marsella<\/p>\n<p>[et_pb_blurb][\/et_pb_column][et_pb_column type=\u00bb1_2\u2033 _builder_version=\u00bb4.20.2\u2033 _module_preset=\u00bbdefault \u00bb global_colors_info=\u00bb{} \u00bb][et_pb_blurb title=\u00bbTarifas \u00bb use_icon=\u00bbon \u00bb font_icon=\u00bb\ue07c||divi||400\u2033 icon_placement=\u00bbleft \u00bb image_icon_width=\u00bb30px \u00bb _builder_version=\u00bb4.27.4\u2033 _module_preset=\u00bbdefault \u00bb header_font=\u00bb|700||||||| \u00bb header_text_color=\u00bb#03468C \u00bb body_text_color=\u00bb#239CD3\u2033 custom_margin= \u00bb30px||||false|false \u00bb body_font_size_tablet= \u00bb \u00bb body_font_size_phone=\u00bb16px \u00bb body_font_size_last_edited=\u00bbon|phone \u00bb global_colors_info=\u00bb{}\u00bb]<\/p>\n<p>Adultos: 11 euros<br \/>Ni\u00f1os: 6<\/p>\n<p>[\/et_pb_blurb][\/et_pb_column][\/et_pb_row][et_pb_row use_custom_gutter=\"on \" gutter_width=\"1\u2033 make_equal=\"on \" _builder_version=\"4.21.0\u2033 _module_preset=\"default \" locked=\"off \" global_colors_info=\"{} \"][et_pb_column type=\"4_4\u2033 _builder_version=\"4.20.0\u2033 _module_preset=\"default \" global_colors_info=\"{} \"][et_pb_image src= \"https:\/\/www.petit-train-marseille.com\/wp-content\/uploads\/2023\/10\/plan_trace_hiver_marseille-circuit-2.jpg \" alt=\"Vieux Marseille - Terrasses du Port\" title_text=\"plan_trace_hiver_marseille-circuit-2\u2033 show_in_lightbox=\"on\" use_overlay=\"on\" overlay_icon_color=\"#FFFFFF\" hover_overlay_color=\"rgba(0,0,0.46)\" hover_icon=\"0||divi||400\u2033 force_fullwidth=\"on \" _builder_version=\"4.22.1\u2033 _module_preset=\"default \" border_color_all=\"#239CD3\u2033 global_colors_info=\"{}\"][\/et_pb_image][et_pb_text _builder_version=\"4.20.2\u2033 _module_preset=\"83d72e45-6a93-4f37-9623-97df190c7fa1\u2033 text_font=\"|300||||||| \" text_text_color=\"#1d1d1d \" background_color=\"#FFFFFF \" text_orientation=\"justified \" custom_padding=\"35px|35px|35px|35px|true|true \" custom_padding_tablet= \"35px|35px|35px|35px|true|true\" custom_padding_phone=\"|20px||20px|true|true\" custom_padding_last_edited=\"on|phone\" border_color_all=\"#239CD3\u2033 locked=\"off \" global_colors_info=\"{}\"]<\/p>\n<p>Antes de llevarle a los barrios m\u00e1s antiguos de Marsella, este recorrido le presentar\u00e1 magn\u00edficos monumentos como el H\u00f4tel de Cabre, el H\u00f4tel Dieu, la iglesia de St Laurent y la magn\u00edfica Cath\u00e9drale de la Major.<br \/>El tren le llevar\u00e1 hasta el antiguo hospicio de la Vieille Charit\u00e9, completamente renovado y sede del famoso Mus\u00e9e d'Art Africain, Oc\u00e9anien et Am\u00e9rindien (Museo de Arte Africano, Oce\u00e1nico y Amerindio).<br \/>Durante esta escala, podr\u00e1 descubrir el pintoresco barrio de Panier, con sus callejuelas, sus zonas peatonales y sus acogedoras plazas donde se vive bien (Place de Lenche, Place des Moulins...).<br \/>Le encantar\u00e1 curiosear por las tiendas de los artistas (cuadros, cer\u00e1mica, alfarer\u00eda, etc.).<br \/>Este descubrimiento del coraz\u00f3n de la vieja Marsella est\u00e1 lleno de sorpresas y har\u00e1 las delicias de los m\u00e1s curiosos.<\/p>\n<p>El segundo punto de bajada posible es delante de Les Docks.<\/p>\n<p>El recorrido incluye los Docks, la Joliette, las Halles de la Major y el Mucem.<\/p>\n<p>[\/et_pb_text][\/et_pb_column][\/et_pb_row][et_pb_row _builder_version=\u00bb4.27.5\u2033 _module_preset=\u00bbdefault \u00bb display_conditions=\u00bbW10= \u00bb hover_enabled=\u00bb0\u2033 global_colors_info=\u00bb{} \u00bb sticky_enabled=\u00bb0\u2033][et_pb_column type=\u00bb4_4\u2033 _builder_version=\u00bb4.20.2\u2033 _module_preset=\u00bbdefault \u00bb global_colors_info=\u00bb{}\u00bb][et_pb_text module_class=\u00bbcustom-table\u00bb _builder_version=\u00bb4.25.1\u2033 _module_preset=\u00bbdefault \u00bb custom_margin=\u00bb||0px||false|false \u00bb custom_padding=\u00bb0px|0px|||false|false \u00bb global_colors_info=\u00bb{}\u00bb]<\/p>\n<div class=\"table-responsive\">\n<p>&nbsp;<\/p>\n<table border=\"2\" style=\"height: 361px; width: 100%; border-collapse: collapse; background-color: #ffffff; border-style: solid; border-color: #000000;\">\n<tbody>\n<tr style=\"background-color: #239cd3; border-style: solid;\">\n<td style=\"width: 13.8476%; height: 25px;\"><\/td>\n<td style=\"width: 29.461%; height: 25px;\"><span class=\"bandeau\">Temporada alta<\/span><\/td>\n<td style=\"width: 28.1598%; height: 25px;\"><span class=\"bandeau\">Media temporada<\/span><\/td>\n<\/tr>\n<tr style=\"height: 48px; border-style: solid;\">\n<td style=\"width: 13.8476%; height: 48px;\"><strong><span style=\"color: #000000;\">Mes<\/span><\/strong><\/td>\n<td style=\"width: 29.461%; height: 48px;\">1 de abril - 31 de octubre<\/td>\n<td style=\"width: 28.1598%; height: 48px;\">Noviembre<\/td>\n<\/tr>\n<tr style=\"height: 72px; border-style: solid;\">\n<td style=\"width: 13.8476%; height: 72px;\"><strong><span style=\"color: #000000;\">Horario<\/span><\/strong><\/td>\n<td style=\"width: 29.461%; height: 72px;\">De 10.00 a 12.30 h. y de 14.00 a 17.00 h.<\/td>\n<td style=\"width: 28.1598%; height: 72px;\">De 10.00 a 12.00 h. y de 14.00 a 17.00 h.<\/td>\n<\/tr>\n<tr style=\"height: 72px; border-style: solid;\">\n<td style=\"width: 13.8476%; height: 72px;\"><strong><span style=\"color: #000000;\">Duraci\u00f3n<\/span><\/strong><\/td>\n<td style=\"width: 29.461%; height: 72px;\">1h15 (<span>Escala de 30 minutos en los barrios de Panier o Terrasses du Port<\/span>)<\/td>\n<td style=\"width: 28.1598%; height: 72px;\">1h15 (<span>Parada de 30 minutos en los barrios de Panier o Terrasses du Port)<\/span><\/td>\n<\/tr>\n<tr style=\"height: 48px; border-style: solid;\">\n<td style=\"width: 13.8476%; height: 48px;\"><strong><span style=\"color: #000000;\">Salida<\/span><\/strong><\/td>\n<td style=\"width: 29.461%; height: 48px;\">Cada 30 minutos<\/td>\n<td style=\"width: 28.1598%; height: 48px;\">Cada 40 min (dependiendo del n\u00famero)<\/td>\n<\/tr>\n<tr style=\"height: 48px; border-style: solid;\">\n<td style=\"width: 13.8476%; height: 48px;\"><strong><span style=\"color: #000000;\">Tarifa para adultos<\/span><\/strong><\/td>\n<td style=\"width: 29.461%; height: 48px;\"><span style=\"color: #03468c;\"><strong>11,00 \u20ac<\/strong><\/span><\/td>\n<td style=\"width: 28.1598%; height: 48px;\"><strong><span style=\"color: #03468c;\">11,00 \u20ac<\/span><\/strong><\/td>\n<\/tr>\n<tr style=\"height: 48px; border-style: solid;\">\n<td style=\"width: 13.8476%; height: 48px;\"><strong><span style=\"color: #000000;\">Tarifa infantil<\/span><\/strong><\/td>\n<td style=\"width: 29.461%; height: 48px;\"><span style=\"color: #03468c;\"><strong>6,00 \u20ac<\/strong><\/span><\/td>\n<td style=\"width: 28.1598%; height: 48px;\"><strong><span style=\"color: #03468c;\">6,00 \u20ac<\/span><\/strong><\/td>\n<\/tr>\n<\/tbody>\n<\/table>\n<\/div>\n<p>[\/et_pb_text][\/et_pb_column][\/et_pb_row][\/et_pb_section][et_pb_section fb_built=\"1\u2033 custom_padding_last_edited=\"on|tablet \" _builder_version=\"4.20.2\u2033 background_enable_image=\"off \" custom_padding_tablet=\"80px||60px||false|false \" custom_padding_phone=\"60px||60px|false|false \" global_colors_info=\"{} \" transform_styles__hover_enabled=\"off|desktop \" transform_scale__hover_enabled= \"off|desktop \" transform_translate__hover_enabled=\"off|desktop \" transform_rotate__hover_enabled=\"off|desktop \" transform_skew__hover_enabled=\"off|desktop \" transform_origin__hover_enabled=\"off|desktop \"][et_pb_row _builder_version=\"4.20.2\u2033 width_tablet=\"90% \" width_phone=\"90% \" width_last_edited=\"on|phone \" global_colors_info=\"{} \"][et_pb_column type=\"4_4\u2033 _builder_version=\"4.16\u2033 global_colors_info=\"{} \"][et_pb_text _builder_version=\"4.20.2\u2033 _module_preset=\"f89c640d-912c-46b2-b38c-7129b815711e \" header_text_color=\"#03468C \" header_font_size=\"7vw \" header_2_font=\"Arial|700||||||| \" header_2_text_color=\"#03468C \" header_2_font_size=\"4vw \" header_2_letter_spacing=\"-0.02em \" header_2_font_size_tablet=\"5vw \" header_2_font_size_phone=\"7vw \" header_2_font_size_last_edited=\"on|phone \" locked=\"off \" global_colors_info=\"{} \"]<\/p>\n<h2>Resumen de la ruta<\/h2>\n<p>[\/et_pb_text][et_pb_divider color=\"#239CD3\u2033 divider_weight=\"8px \" _builder_version=\"4.20.2\u2033 _module_preset=\"default \" width=\"10% \" custom_margin=\"-20px||||false|false \" custom_padding=\"0px||||false|false \" locked=\"off \" global_colors_info=\"{} \"][\/et_pb_divider][dipi_image_gallery thumbs_alignment= \"vertical \" thumbs_count=\"5\u2033 thumbs_space_between=\"5\u2033 thumb_width=\"250px \" main_navigation_prev_icon_yn=\"on \" main_navigation_prev_icon= \"#||divi||400\u2033 main_navigation_next_icon_yn=\"on \" main_navigation_next_icon=\"$||divi||400\u2033 main_navigation_color=\"#FFFFFF \" main_navigation_bg_color=\"#0a0000\u2033 thumbs_container_padding=\"0px|5px|0px|5px|false|false \" main_autoplay=\"on \" autoplay_delay=\"3500\u2033 main_navigation=\"on \" thumbs_count_tablet=\"3\u2033 thumbs_count_phone=\"3\u2033 thumbs_count_last_edited=\"on|phone \" thumb_width_tablet=\"160px \" thumb_width_phone=\"97px \" thumb_width_last_edited=\"on|phone \" thumb_vertical_height_tablet=\"100% \" thumb_vertical_height_phone=\"100% \" thumb_vertical_height_last_edited=\"on|phone \" main_navigation_size_tablet= \" \" main_navigation_size_phone=\"15\u2033 main_navigation_size_last_edited=\"on|phone \" main_navigation_padding_tablet= \" \" main_navigation_padding_phone=\"10\u2033 main_navigation_padding_last_edited=\"on|phone \" _builder_version=\"4.20.2\u2033 _module_preset=\"default \" height=\"670px \" height_tablet=\"490px \" height_phone=\"330px \" height_last_edited=\"on|phone \" custom_padding=\"5px|5px|5px||false|false \" custom_css_next_main_navigation=\"transform: rotate(90deg);||top: 60px !important;||margin-top: 0;||right: 10px!important; \" custom_css_prev_main_navigation=\"transform: rotate(90deg);||margin-top: 0;|top: 10px !important;||left: auto!important;||right: 10px; \" border_color_all=\"#FFFFFF \" border_color_all_thumbs_border_style=\"rgba(255,255,255,0) \" box_shadow_style=\"preset1\u2033 box_shadow_vertical=\"12px \" box_shadow_blur=\"42px \" box_shadow_color=\"rgba(21,2,42,0.08) \" global_colors_info=\"{} \" overlay_bg_color_gradient_type_tablet=\"linear \" overlay_bg_color_gradient_type_phone=\"linear \" overlay_bg_color_gradient_type__hover=\"linear \" image_bg_color_gradient_type__hover=\"linear \"][dipi_image_gallery_child item_image=\"https:\/\/www.petit-train-marseille.com\/wp-content\/uploads\/2023\/03\/JAM31045.jpg \" label=\"Submarinismo\" show_content_overlay=\"on \" content_container_padding=\"20px|0px|20px|0px|false|false \" overlay_bg_color_gradient_type_tablet=\"linear \" overlay_bg_color_gradient_type_phone=\"linear \" _builder_version=\"4.20.2\u2033 _module_preset=\"default \" header_font=\"|800||||||| \" header_text_align=\"center \" header_text_color=\"#FFFFFF \" header_font_size=\"50px \" header_font_size_tablet= \" \" header_font_size_phone=\"30px \" header_font_size_last_edited=\"on|phone \" global_colors_info=\"{} \" overlay_bg_color_gradient_type__hover=\"linear \" image_bg_color_gradient_type__hover=\"linear \"][\/dipi_image_gallery_child][dipi_image_gallery_child item_image=\"https:\/\/www.petit-train-marseille.com\/wp-content\/uploads\/2023\/03\/JAM30975.jpg \" label= \"Explorar \" show_content_overlay=\"on \" content_container_padding=\"20px|0px|20px|0px|false|false \" content_container_padding_tablet= \" \" content_container_padding_phone= \" \" content_container_padding_last_edited=\"on|phone \" overlay_bg_color_gradient_type_tablet=\"linear \" overlay_bg_color_gradient_type_phone=\"linear \" _builder_version=\"4.20.2\u2033 _module_preset=\"default \" header_font=\"|800||||||| \" header_text_align=\"center \" header_text_color=\"#FFFFFF \" header_font_size=\"50px \" header_font_size_tablet= \" \" header_font_size_phone=\"30px \" header_font_size_last_edited=\"on|phone \" global_colors_info=\"{} \" overlay_bg_color_gradient_type__hover=\"linear \" image_bg_color_gradient_type__hover=\"linear \"][\/dipi_image_gallery_child][dipi_image_gallery_child item_image=\"https:\/\/www.petit-train-marseille.com\/wp-content\/uploads\/2023\/03\/JAM31000.jpg \" label=\"Sum\u00e9rgete a fondo\" show_content_overlay=\"on \" content_container_padding=\"20px|0px|20px|0px|false|false \" overlay_bg_color_gradient_type_tablet=\"linear \" overlay_bg_color_gradient_type_phone=\"linear \" _builder_version=\"4.20.2\u2033 _module_preset=\"default \" header_font=\"|800||||||| \" header_text_align=\"center \" header_text_color=\"#FFFFFF \" header_font_size=\"50px \" header_font_size_tablet= \" \" header_font_size_phone=\"30px \" header_font_size_last_edited=\"on|phone \" global_colors_info=\"{} \" overlay_bg_color_gradient_type__hover=\"linear \" image_bg_color_gradient_type__hover=\"linear \"][\/dipi_image_gallery_child][dipi_image_gallery_child item_image=\"https:\/\/www.petit-train-marseille.com\/wp-content\/uploads\/2023\/03\/JAM31061.jpg \" label= \"Disfruta \" show_content_overlay=\"on \" content_container_padding=\"20px|0px|20px|0px|false|false \" overlay_bg_color_gradient_type_tablet=\"linear \" overlay_bg_color_gradient_type_phone=\"linear \" _builder_version=\"4.20.2\u2033 _module_preset=\"default \" header_font=\"|800||||||| \" header_text_align=\"center \" header_text_color=\"#FFFFFF \" header_font_size=\"50px \" header_font_size_tablet= \" \" header_font_size_phone=\"30px \" header_font_size_last_edited=\"on|phone \" global_colors_info=\"{} \" overlay_bg_color_gradient_type__hover=\"linear \" image_bg_color_gradient_type__hover=\"linear \"][\/dipi_image_gallery_child][dipi_image_gallery_child item_image=\"https:\/\/www.petit-train-marseille.com\/wp-content\/uploads\/2023\/03\/JAM31008.jpg \" label=\"Disfruta\" show_content_overlay=\"on \" content_container_padding=\"20px|0px|20px|0px|false|false \" overlay_bg_color_gradient_type_tablet=\"linear \" overlay_bg_color_gradient_type_phone=\"linear \" _builder_version=\"4.20.2\u2033 _module_preset=\"default \" header_font=\"|800||||||| \" header_text_align=\"center \" header_text_color=\"#FFFFFF \" header_font_size=\"50px \" header_font_size_tablet= \" \" header_font_size_phone=\"30px \" header_font_size_last_edited=\"on|phone \" global_colors_info=\"{} \" overlay_bg_color_gradient_type__hover=\"linear \" image_bg_color_gradient_type__hover=\"linear \"][\/dipi_image_gallery_child][dipi_image_gallery_child item_image=\"https:\/\/www.petit-train-marseille.com\/wp-content\/uploads\/2023\/03\/JAM31042.jpg \" label=\"Disfruta \" show_content_overlay=\"on \" content_container_padding=\"20px|0px|20px|0px|false|false \" overlay_bg_color_gradient_type_tablet=\"linear \" overlay_bg_color_gradient_type_phone=\"linear \" _builder_version=\"4.20.2\u2033 _module_preset=\"default \" header_font=\"|800||||||| \" header_text_align=\"center \" header_text_color=\"#FFFFFF \" header_font_size=\"50px \" header_font_size_tablet= \" \" header_font_size_phone=\"30px \" header_font_size_last_edited=\"on|phone \" global_colors_info=\"{} \" overlay_bg_color_gradient_type__hover=\"linear \" image_bg_color_gradient_type__hover=\"linear \"][\/dipi_image_gallery_child][dipi_image_gallery_child item_image=\"https:\/\/www.petit-train-marseille.com\/wp-content\/uploads\/2023\/03\/JAM31039.jpg \" label=\"Disfruta\" show_content_overlay=\"on \" content_container_padding=\"20px|0px|20px|0px|false|false \" overlay_bg_color_gradient_type_tablet=\"linear \" overlay_bg_color_gradient_type_phone=\"linear \" _builder_version=\"4.20.2\u2033 _module_preset=\"default \" header_font=\"|800||||||| \" header_text_align=\"center \" header_text_color=\"#FFFFFF \" header_font_size=\"50px \" header_font_size_tablet= \" \" header_font_size_phone=\"30px \" header_font_size_last_edited=\"on|phone \" global_colors_info= \"{} \" overlay_bg_color_gradient_type__hover=\"linear \" image_bg_color_gradient_type__hover=\"linear \"][\/dipi_image_gallery_child][\/dipi_image_gallery][\/et_pb_column][\/et_pb_row][\/et_pb_section][et_pb_section fb_built=\"1\u2033 admin_label=\"Llamada a la acci\u00f3n\" _builder_version=\"4.20.2\u2033 _module_preset=\"default \" background_color=\"#239CD3\u2033 border_color_all=\"#000000\u2033 locked=\"off \" collapsed=\"on \" global_colors_info=\"{}\"][et_pb_row column_structure=\"3_4,1_4\u2033 make_equal=\"on \" _builder_version=\"4. 24. 2\u2033 _module_preset=\"default24.2\u2033 _module_preset=\"default \" locked=\"off \" global_colors_info=\"{} \"][et_pb_column type=\"3_4\u2033 _builder_version=\"4.20.0\u2033 _module_preset=\"default \" global_colors_info=\"{} \"][et_pb_text _builder_version=\"4.24.2\u2033 _module_preset=\"f559f35a-2fbc-4ef0-a1dd-dace7f28fa05\u2033 header_2_text_color=\"#FFFFFF \" header_2_font_size=\"4vw \" header_2_font_size_tablet=\"6vw \" header_2_font_size_phone=\"8vw \" header_2_font_size_last_edited=\"on|phone \" global_colors_info=\"{} \"]<\/p>\n<h2>Contacto \/ Reservas<\/h2>\n<p>[\/et_pb_text][et_pb_text _builder_version=\"4.20.2\u2033 _module_preset=\"5425cc29-4f05-4329-8ceb-f8349c4ea033\u2033 header_2_text_color=\"#FFFFFF \" header_3_font=\"Archivo|700||||||| \" header_3_text_color=\"#FFFFFF \" global_colors_info=\"{}\"]<\/p>\n<h3>Para informaci\u00f3n y reservas<\/h3>\n<p>[\/et_pb_text][\/et_pb_column][et_pb_column type=\"1_4\u2033 _builder_version=\"4.20.0\u2033 _module_preset=\"default \" global_colors_info=\"{} \"][et_pb_icon font_icon=\"$||divi||400\u2033 icon_color=\"#FFFFFF\" url=\"@ET-DC@eyJkeW5hbWljIjp0cnVlLCJjb250ZW50IjoicG9zdF9saW5rX3VybF9wYWdlIiwic2V0dGluZ3MiOnsicG9zdF9pZCI6IjE3MiJ9fQ==@ \" align= \"left \" icon_width_tablet= \" \" icon_width_phone=\"70px \" icon_width_last_edited=\"on|phone \" _builder_version=\"4.20.2\u2033 _dynamic_attributes=\"url \" _module_preset= \u00bb3ef884de-0dba-452f-abfd-b9b5ad5cb126\u2033 positioning=\"absolute \" position_origin_a=\"center_right \" position_origin_a_tablet=\"center_right \" position_origin_a_phone=\"center_right \" position_origin_a_last_edited=\"on|phone \" position_origin_f_tablet= \" \" position_origin_f_phone= \" \" position_origin_f_last_edited=\"on|phone \" position_origin_r_tablet= \" \" position_origin_r_phone= \" \" position_origin_r_last_edited=\"on|phone \" custom_margin_last_edited=\"off|desktop \" positioning_tablet=\"absolute \" positioning_phone=\"none \" positioning_last_edited=\"on|phone \" border_color_all=\"#FFFFFF \" global_colors_info=\"{} \" custom_margin__hover_enabled=\"on|hover \" custom_margin__hover=\"|-10px|||false|false \"][\/et_pb_icon][\/et_pb_column][\/et_pb_row][\/et_pb_section]<\/p>","protected":false},"excerpt":{"rendered":"<p>Tour 2La vieja Marsella - Terrasses du PortTour n\u00ba 2 est\u00e1 cerrado hasta el 1 de septiembre de 2025Detalles del tour174 Quai du Port13002 Marsella174 Quai du Port13002 MarsellaAdultos: 11 eurosNi\u00f1os: 6 eurosEste tour le llevar\u00e1 por los barrios m\u00e1s antiguos de Marsella y le presentar\u00e1 algunos magn\u00edficos monumentos como el H\u00f4tel de Cabre, [...].<\/p>","protected":false},"author":1,"featured_media":0,"parent":0,"menu_order":3,"comment_status":"closed","ping_status":"closed","template":"","meta":{"_et_pb_use_builder":"on","_et_pb_old_content":"","_et_gb_content_width":"","footnotes":""},"dipi_cpt_category":[],"class_list":["post-158","page","type-page","status-publish","hentry"],"_links":{"self":[{"href":"https:\/\/www.petit-train-marseille.com\/es\/wp-json\/wp\/v2\/pages\/158","targetHints":{"allow":["GET"]}}],"collection":[{"href":"https:\/\/www.petit-train-marseille.com\/es\/wp-json\/wp\/v2\/pages"}],"about":[{"href":"https:\/\/www.petit-train-marseille.com\/es\/wp-json\/wp\/v2\/types\/page"}],"author":[{"embeddable":true,"href":"https:\/\/www.petit-train-marseille.com\/es\/wp-json\/wp\/v2\/users\/1"}],"replies":[{"embeddable":true,"href":"https:\/\/www.petit-train-marseille.com\/es\/wp-json\/wp\/v2\/comments?post=158"}],"version-history":[{"count":76,"href":"https:\/\/www.petit-train-marseille.com\/es\/wp-json\/wp\/v2\/pages\/158\/revisions"}],"predecessor-version":[{"id":1767696,"href":"https:\/\/www.petit-train-marseille.com\/es\/wp-json\/wp\/v2\/pages\/158\/revisions\/1767696"}],"wp:attachment":[{"href":"https:\/\/www.petit-train-marseille.com\/es\/wp-json\/wp\/v2\/media?parent=158"}],"wp:term":[{"taxonomy":"dipi_cpt_category","embeddable":true,"href":"https:\/\/www.petit-train-marseille.com\/es\/wp-json\/wp\/v2\/dipi_cpt_category?post=158"}],"curies":[{"name":"wp","href":"https:\/\/api.w.org\/{rel}","templated":true}]}}