{"id":1766874,"date":"2023-04-17T18:13:31","date_gmt":"2023-04-17T16:13:31","guid":{"rendered":"https:\/\/www.petit-train-marseille.com\/?page_id=1766874"},"modified":"2023-09-12T15:07:33","modified_gmt":"2023-09-12T13:07:33","slug":"circuit-4-combine-1-2","status":"publish","type":"page","link":"https:\/\/www.petit-train-marseille.com\/en\/circuit-4-combine-1-2\/","title":{"rendered":"Route 4: Combined 1 + 2"},"content":{"rendered":"<p>[et_pb_section fb_built=\"1\u2033 _builder_version=\"4.20.2\u2033 _module_preset=\"default \" background_color=\"#03468C \" use_background_color_gradient=\"on \" background_color_gradient_direction=\"90deg \" background_color_gradient_stops= \"#03468c 0%|#239cd3 100% \" border_color_bottom=\"#239CD3\u2033 locked=\"off \" global_colors_info=\"{}\"][et_pb_row _builder_version=\"4.20.2\u2033 _module_preset=\"default \" global_colors_info=\"{} \"][et_pb_column type=\"4_4\u2033 _builder_version=\"4.20.0\u2033 _module_preset=\"default \" global_colors_info=\"{} \"][et_pb_text _builder_version=\"4.20.4\u2033 _module_preset=\"f89c640d-912c-46b2-b38c-7129b815711e \" header_text_color=\"#FFFFFF \" header_font_size=\"6vw \" header_font_size_tablet=\"7vw \" header_font_size_phone=\"9vw \" header_font_size_last_edited=\"on|phone \" global_colors_info=\"{} \"]<\/p>\n<h1><span style=\"font-size: 5vw;\">Circuit 3<\/span><br \/>\nCombined circuit 1 + circuit 2<\/h1>\n<p>[\/et_pb_text][\/et_pb_column][\/et_pb_row][\/et_pb_section][et_pb_section fb_built=\"1\u2033 admin_label=\"Header \" _builder_version=\"4.20.2\u2033 _module_preset=\"default \" background_color=\"#F4F4F4\u2033 border_color_bottom=\"#239CD3\u2033 locked=\"off \" collapsed=\"off \" global_colors_info=\"{} \"][et_pb_row column_structure=\"3_4,1_4\u2033 _builder_version=\"4.20.2\u2033 width_tablet=\"90% \" width_phone=\"90% \" width_last_edited=\"on|phone \" locked=\"off \" global_colors_info=\"{} \"][et_pb_column type=\"3_4\u2033 _builder_version=\"4.16\u2033 global_colors_info=\"{} \"][et_pb_text _builder_version=\"4.20.2\u2033 _module_preset=\"f89c640d-912c-46b2-b38c-7129b815711e \" header_text_color=\"#03468C \" header_font_size=\"7vw \" header_2_font=\"Arial|700||||||| \" header_2_text_color=\"#03468C \" header_2_font_size=\"4vw \" header_2_letter_spacing=\"-0.02em \" header_2_font_size_tablet=\"5vw \" header_2_font_size_phone=\"7vw \" header_2_font_size_last_edited=\"on|phone \" locked=\"off \" global_colors_info=\"{} \"]<\/p>\n<h2>Tour details<\/h2>\n<p>[\/et_pb_text][et_pb_divider color=\"#239CD3\u2033 divider_weight=\"8px \" _builder_version=\"4.20.2\u2033 _module_preset=\"default \" width=\"10% \" custom_margin=\"-20px||||false|false \" custom_padding=\"0px||||false|false \" global_colors_info=\"{}\"][\/et_pb_divider][\/et_pb_column][et_pb_column type=\"1_4\u2033 _builder_version=\"4.16\u2033 global_colors_info=\"{} \"][et_pb_blurb title=\"Train departure\" use_icon=\"on\" font_icon=\"\ue081||divi||400\u2033 icon_placement=\"left\" disabled_on=\"on|on|off\" _builder_version=\"4.20.2\u2033 _module_preset=\"default \" header_font=\"|700||||||| \" header_text_color=\"#03468C \" body_text_color=\"#239CD3\u2033 custom_margin=\"30px||||false|false \" global_colors_info=\"{}\"]<\/p>\n<p>174 Quai du Port<br \/>13002 Marseille<\/p>\n<p>[\/et_pb_blurb][\/et_pb_column][\/et_pb_row][et_pb_row column_structure=\"1_2,1_2\u2033 disabled_on=\"off|off|on \" module_class=\"two-col-mob \" _builder_version=\"4.20.4\u2033 _module_preset=\"default \" custom_margin=\"-29px||0px||false|false \" custom_padding=\"0px||0px||false|false \" locked=\"off \" global_colors_info=\"{} \"][et_pb_column type=\"1_2\u2033 _builder_version=\"4.20.2\u2033 _module_preset=\"default \" global_colors_info=\"{} \"][et_pb_blurb title= \"Train departure \" use_icon=\"on \" font_icon=\"\ue081||divi||400\u2033 icon_placement=\"left \" image_icon_width=\"30px \" _builder_version=\"4.20.2\u2033 _module_preset=\"default \" header_font=\"|700||||||| \" header_text_color=\"#03468C \" body_text_color=\"#239CD3\u2033 custom_margin=\"30px||||false|false \" header_font_size_tablet= \" \" header_font_size_phone=\"17px \" header_font_size_last_edited=\"on|phone \" body_font_size_tablet= \" \" body_font_size_phone=\"16px \" body_font_size_last_edited=\"on|phone \" global_colors_info=\"{}\"]<\/p>\n<p>174 Quai du Port<br \/>13002 Marseille<\/p>\n<p>[et_pb_blurb][\/et_pb_column][et_pb_column type=\"1_2\u2033 _builder_version=\"4.20.2\u2033 _module_preset=\"default \" global_colors_info=\"{} \"][et_pb_blurb title= \"Tarifs \" use_icon=\"on \" font_icon=\"\ue07c||divi||400\u2033 icon_placement=\"left \" image_icon_width=\"30px \" _builder_version=\"4.20.2\u2033 _module_preset=\"default \" header_font=\"|700||||||| \" header_text_color=\"#03468C \" body_text_color=\"#239CD3\u2033 custom_margin= \"30px||||false|false \" body_font_size_tablet= \" \" body_font_size_phone=\"16px \" body_font_size_last_edited=\"on|phone \" global_colors_info=\"{}\"]<\/p>\n<p>Adults: \u20ac9<br \/>Children: \u20ac5<\/p>\n<p>[\/et_pb_blurb][\/et_pb_column][\/et_pb_row][et_pb_row use_custom_gutter=\"on \" gutter_width=\"1\u2033 make_equal=\"on \" _builder_version=\"4.20.2\u2033 _module_preset=\"default \" custom_margin=\"0px||||false|false \" locked=\"off \" global_colors_info=\"{} \"][et_pb_column type=\"4_4\u2033 _builder_version=\"4.20.0\u2033 _module_preset=\"default \" global_colors_info=\"{} \"][et_pb_image src= \"https:\/\/www.petit-train-marseille.com\/wp-content\/uploads\/2023\/07\/plan_trace_ete_marseille-circuit-1-scaled.jpg \" title_text=\"plan_trace_ete_marseille-circuit-1\u2033 show_in_lightbox=\"on \" use_overlay=\"on \" overlay_icon_color=\"#FFFFFF \" hover_overlay_color=\"rgba(0,0,0.46)\" hover_icon=\"0||divi||400\u2033 force_fullwidth=\"on \" _builder_version=\"4.21.0\u2033 _module_preset=\"default \" border_color_all=\"#239CD3\u2033 global_colors_info=\"{} \"][\/et_pb_image][et_pb_text _builder_version=\"4.21.0\u2033 _module_preset=\"83d72e45-6a93-4f37-9623-97df190c7fa1\u2033 text_font=\"|300||||||| \" text_text_color=\"#1d1d1d \" background_color=\"#FFFFFF \" text_orientation=\"justified \" custom_padding=\"35px|35px|35px|35px|true|true \" custom_padding_tablet= \"35px|35px|35px|35px|true|true\" custom_padding_phone=\"|20px||20px|true|true\" custom_padding_last_edited=\"on|phone\" text_font_size_phone=\"16px \" border_color_all=\"#239CD3\u2033 locked=\"off \" global_colors_info=\"{}\"]<\/p>\n<p><span style=\"text-decoration: underline;\"><strong>Circuit 1<\/strong><\/span><span><\/span><\/p>\n<p><span>This tour will take you from the Old Port to Notre Dame de la Garde, via the corniche on the seafront, where you'll discover all the city has to offer, including Fort Saint Jean and Fort Saint Nicolas, the Palais du Pharo, St Victor's Abbey, the breathtaking view from the Pont de la Fausse Monnaie, Ch\u00e2teau Valmer and the famous Vallon des Auffes.<\/span><\/p>\n<p><span>The backdrop will be the islands of Frioul and Ch\u00e2teau d'If. The train will then branch off to take you to the Vallon de l'Oriol, where you'll discover some magnificent \"Marseille-style\" residences clinging to the hillside.<\/span><br \/><span><\/span><\/p>\n<p><span>You will then climb to an altitude of 162 metres, where the Good Mother watches over Marseille and its inhabitants.<\/span><br \/><span>The view from here is breathtaking, with a 360\u00b0 panorama of the city.<\/span><br \/><span><\/span><\/p>\n<p><span>After a much-needed break (there's a train every 30 minutes), the tour continues and you'll plunge into the city as you pass the famous Ferry-Boat on the Old Port.<\/span><\/p>\n<p>[\/et_pb_text][\/et_pb_column][\/et_pb_row][et_pb_row use_custom_gutter=\"on \" gutter_width=\"1\u2033 make_equal=\"on \" _builder_version=\"4.21.0\u2033 _module_preset=\"default \" locked=\"off \" global_colors_info=\"{} \"][et_pb_column type=\"4_4\u2033 _builder_version=\"4.20.0\u2033 _module_preset=\"default \" global_colors_info=\"{} \"][et_pb_image src= \"https:\/\/www.petit-train-marseille.com\/wp-content\/uploads\/2023\/07\/plan_trace_ete_marseille-circuit-2-scaled.jpg \" title_text=\"plan_trace_ete_marseille-circuit-2\u2033 show_in_lightbox=\"on \" use_overlay=\"on \" overlay_icon_color=\"#FFFFFF\" hover_overlay_color=\"rgba(0,0,0,0.46)\" hover_icon=\"0||divi||400\u2033 force_fullwidth=\"on \" _builder_version=\"4.22.1\u2033 _module_preset=\"default \" hover_enabled=\"0\u2033 border_color_all=\"#239CD3\u2033 global_colors_info=\"{} \" alt=\"Combined 1 + 2\u2033 sticky_enabled=\"0\u2033][\/et_pb_image][et_pb_text _builder_version=\"4.20.2\u2033 _module_preset=\"83d72e45-6a93-4f37-9623-97df190c7fa1\u2033 text_font=\"|300||||||| \" text_text_color=\"#1d1d1d \" background_color=\"#FFFFFF \" text_orientation=\"justified \" custom_padding=\"35px|35px|35px|35px|true|true \" custom_padding_tablet= \"35px|35px|35px|35px|true|true\" custom_padding_phone=\"|20px||20px|true|true\" custom_padding_last_edited=\"on|phone\" border_color_all=\"#239CD3\u2033 locked=\"off \" global_colors_info=\"{}\"]<\/p>\n<p><span style=\"text-decoration: underline;\"><strong>Circuit 2<\/strong><\/span><\/p>\n<p>Before taking you to the oldest districts of Marseille, this tour will introduce you to magnificent monuments such as the H\u00f4tel de Cabre, the H\u00f4tel Dieu, the church of St Laurent and the magnificent Cath\u00e9drale de la Major.<br \/>The train will then take you past the former Vieille Charit\u00e9 hospice, which has been completely renovated and now houses the famous Mus\u00e9e d'Art Africain, Oc\u00e9anien et Am\u00e9rindien (Museum of African, Oceanic and Amerindian Art).<br \/>During this stopover, you can discover the picturesque Panier district, with its narrow streets, pedestrian areas and welcoming squares where life is good (Place de Lenche, Place des Moulins...).<br \/>You'll love browsing through the artists' boutiques (paintings, ceramics, pottery, etc.).<br \/>This discovery of the heart of Old Marseille is full of surprises and will delight the most curious.<\/p>\n<p>The second possible drop-off point is in front of Les Docks.<\/p>\n<p>The tour includes the Docks, the Joliette, the Halles de la Major and the Mucem.<\/p>\n<p>[et_pb_text][\/et_pb_column][\/et_pb_row][et_pb_row _builder_version=\"4.20.2\u2033 _module_preset=\"default \" global_colors_info=\"{} \"][et_pb_column type=\"4_4\u2033 _builder_version=\"4.20.2\u2033 _module_preset=\"default \" global_colors_info=\"{} \"][et_pb_text module_class=\"custom-table \" _builder_version=\"4.20.2\u2033 _module_preset=\"default \" custom_margin=\"||0px||false|false \" custom_padding=\"0px|0px||false|false \" global_colors_info=\"{} \"]<\/p>\n<div class=\"table-responsive\">\n<table border=\"2\" style=\"height: 361px; width: 100%; border-collapse: collapse; background-color: #ffffff; border-style: solid; border-color: #000000;\">\n<tbody>\n<tr style=\"background-color: #239cd3; border-style: solid;\">\n<td style=\"width: 13.8476%; height: 25px;\"><\/td>\n<td style=\"width: 29.461%; height: 25px;\"><span class=\"bandeau\">High season<\/span><\/td>\n<td style=\"width: 28.1598%; height: 25px;\"><span class=\"bandeau\">Mid-season<\/span><\/td>\n<td style=\"width: 28.5316%; height: 25px;\"><span class=\"bandeau\">Low season<\/span><\/td>\n<\/tr>\n<tr style=\"height: 48px; border-style: solid;\">\n<td style=\"width: 13.8476%; height: 48px;\"><strong><span style=\"color: #000000;\">Month<\/span><\/strong><\/td>\n<td style=\"width: 29.461%; height: 48px;\">1st April - 1st October<\/td>\n<td style=\"width: 28.1598%; height: 48px;\">November<\/td>\n<td style=\"width: 28.5316%; height: 48px;\">December<\/td>\n<\/tr>\n<tr style=\"height: 72px; border-style: solid;\">\n<td style=\"width: 13.8476%; height: 72px;\"><strong><span style=\"color: #000000;\">Timetable<\/span><\/strong><\/td>\n<td style=\"width: 29.461%; height: 72px;\">10am - 12.30pm and 2pm - 5pm<\/td>\n<td style=\"width: 28.1598%; height: 72px;\">10am - 12pm and 2pm - 5pm<\/td>\n<td style=\"width: 28.5316%; height: 72px;\">10am - 12pm and 2pm - 4pm<\/td>\n<\/tr>\n<tr style=\"height: 72px; border-style: solid;\">\n<td style=\"width: 13.8476%; height: 72px;\"><strong><span style=\"color: #000000;\">Duration<\/span><\/strong><\/td>\n<td style=\"width: 29.461%; height: 72px;\">1h15 (<span>30-minute stopover in the Panier or Terrasses du Port districts<\/span>)<\/td>\n<td style=\"width: 28.1598%; height: 72px;\">1h15 (<span>30-minute stop in the Panier or Terrasses du Port districts)<\/span><\/td>\n<td style=\"width: 28.5316%; height: 72px;\">1h15 (<span>30-minute stop in the Panier or Terrasses du Port districts)<\/span><\/td>\n<\/tr>\n<tr style=\"height: 48px; border-style: solid;\">\n<td style=\"width: 13.8476%; height: 48px;\"><strong><span style=\"color: #000000;\">Departure<\/span><\/strong><\/td>\n<td style=\"width: 29.461%; height: 48px;\">Every 30 minutes<\/td>\n<td style=\"width: 28.1598%; height: 48px;\">Every 45 min (depending on numbers)<\/td>\n<td style=\"width: 28.5316%; height: 48px;\">Every 45 min (depending on numbers)<\/td>\n<\/tr>\n<tr style=\"height: 48px; border-style: solid;\">\n<td style=\"width: 13.8476%; height: 48px;\"><strong><span style=\"color: #000000;\">Adult Rate<\/span><\/strong><\/td>\n<td style=\"width: 29.461%; height: 48px;\"><span style=\"color: #03468c;\"><strong>9\u20ac<\/strong><\/span><\/td>\n<td style=\"width: 28.1598%; height: 48px;\"><strong><span style=\"color: #03468c;\">9\u20ac<\/span><\/strong><\/td>\n<td style=\"width: 28.5316%; height: 48px;\"><strong><span style=\"color: #03468c;\">9\u20ac<\/span><\/strong><\/td>\n<\/tr>\n<tr style=\"height: 48px; border-style: solid;\">\n<td style=\"width: 13.8476%; height: 48px;\"><strong><span style=\"color: #000000;\">Child rate<\/span><\/strong><\/td>\n<td style=\"width: 29.461%; height: 48px;\"><span style=\"color: #03468c;\"><strong>5\u20ac<\/strong><\/span><\/td>\n<td style=\"width: 28.1598%; height: 48px;\"><strong><span style=\"color: #03468c;\">5\u20ac<\/span><\/strong><\/td>\n<td style=\"width: 28.5316%; height: 48px;\"><strong><span style=\"color: #03468c;\">5\u20ac<\/span><\/strong><\/td>\n<\/tr>\n<\/tbody>\n<\/table>\n<\/div>\n<p>[\/et_pb_text][\/et_pb_column][\/et_pb_row][\/et_pb_section][et_pb_section fb_built=\"1\u2033 custom_padding_last_edited=\"on|tablet \" _builder_version=\"4.20.2\u2033 background_enable_image=\"off \" custom_padding_tablet=\"80px||60px||false|false \" custom_padding_phone=\"60px||60px|false|false \" locked=\"off \" global_colors_info=\"{} \" transform_styles__hover_enabled=\"off|desktop \" transform_scale__hover_enabled= \"off|desktop \" transform_translate__hover_enabled=\"off|desktop \" transform_rotate__hover_enabled=\"off|desktop \" transform_skew__hover_enabled=\"off|desktop \" transform_origin__hover_enabled=\"off|desktop \"][et_pb_row _builder_version=\"4.20.2\u2033 width_tablet=\"90% \" width_phone=\"90% \" width_last_edited=\"on|phone \" global_colors_info=\"{} \"][et_pb_column type=\"4_4\u2033 _builder_version=\"4.16\u2033 global_colors_info=\"{} \"][et_pb_text _builder_version=\"4.20.2\u2033 _module_preset=\"f89c640d-912c-46b2-b38c-7129b815711e \" header_text_color=\"#03468C \" header_font_size=\"7vw \" header_2_font=\"Arial|700||||||| \" header_2_text_color=\"#03468C \" header_2_font_size=\"4vw \" header_2_letter_spacing=\"-0.02em \" header_2_font_size_tablet=\"5vw \" header_2_font_size_phone=\"7vw \" header_2_font_size_last_edited=\"on|phone \" locked=\"off \" global_colors_info=\"{}\"]<\/p>\n<h2>Overview of the route<\/h2>\n<p>[\/et_pb_text][et_pb_divider color=\"#239CD3\u2033 divider_weight=\"8px \" _builder_version=\"4.20.2\u2033 _module_preset=\"default \" width=\"10% \" custom_margin=\"-20px||||false|false \" custom_padding=\"0px||||false|false \" locked=\"off \" global_colors_info=\"{} \"][\/et_pb_divider][\/et_pb_column][\/et_pb_row][et_pb_row _builder_version=\"4.20.2\u2033 width_tablet=\"90% \" width_phone=\"90% \" width_last_edited=\"on|phone \" custom_padding=\"0px||0px||false|false \" global_colors_info=\"{} \"][et_pb_column type=\"4_4\u2033 _builder_version=\"4.16\u2033 global_colors_info=\"{} \"][dipi_image_gallery thumbs_alignment=\"vertical \" thumbs_count=\"5\u2033 thumbs_space_between=\"5\u2033 thumb_width=\"250px \" main_navigation_prev_icon_yn=\"on\" main_navigation_prev_icon=\"#||divi|||400\u2033 main_navigation_next_icon_yn=\"on\" main_navigation_next_icon= \"$||divi||400\u2033 main_navigation_color=\"#FFFFFF\" main_navigation_bg_color=\"#0a0000\u2033 thumbs_centered=\"off\" thumbs_loop=\"off \" thumbs_container_padding=\"0px|5px|0px|5px|false|false \" main_autoplay=\"on \" autoplay_delay=\"3500\u2033 main_navigation=\"on \" main_navigation_on_hover= \"on \" thumbs_count_tablet=\"3\u2033 thumbs_count_phone=\"3\u2033 thumbs_count_last_edited=\"on|phone \" thumb_width_tablet=\"160px \" thumb_width_phone=\"97px \" thumb_width_last_edited=\"on|phone \" thumb_vertical_height_tablet=\"100% \" thumb_vertical_height_phone=\"100% \" thumb_vertical_height_last_edited=\"on|phone \" main_navigation_size_tablet= \" \" main_navigation_size_phone=\"15\u2033 main_navigation_size_last_edited=\"on|phone \" main_navigation_padding_tablet= \" \" main_navigation_padding_phone=\"10\u2033 main_navigation_padding_last_edited=\"on|phone \" _builder_version=\"4.20.4\u2033 _module_preset=\"default \" height=\"670px \" height_tablet=\"490px \" height_phone=\"330px \" height_last_edited=\"on|phone \" custom_padding=\"5px|5px|5px||false|false \" custom_css_next_main_navigation=\"transform: rotate(90deg);||top: 60px !important;||margin-top: 0;||right: 10px!important; \" custom_css_prev_main_navigation=\"transform: rotate(90deg);||margin-top: 0;||top: 10px !important;||left: auto!important;||right: 10px; \" border_color_all=\"#FFFFFF \" border_color_all_thumbs_border_style=\"rgba(255,255,255,0) \" box_shadow_style=\"preset1\u2033 box_shadow_vertical=\"12px \" box_shadow_blur=\"42px \" box_shadow_color=\"rgba(21,2,42,0.08) \" global_colors_info=\"{} \" overlay_bg_color_gradient_type_tablet=\"linear \" overlay_bg_color_gradient_type_phone=\"linear \" overlay_bg_color_gradient_type__hover=\"linear \" image_bg_color_gradient_type__hover=\"linear \"][dipi_image_gallery_child item_image=\"https:\/\/www.petit-train-marseille.com\/wp-content\/uploads\/2023\/03\/JAM30926.jpg \" label= \"Vallon de l'Oriol \" show_content_overlay=\"on \" content_container_padding=\"20px|0px|20px|0px|false|false \" overlay_bg_color_gradient_type_tablet=\"linear \" overlay_bg_color_gradient_type_phone=\"linear \" _builder_version=\"4.20.4\u2033 _module_preset=\"default \" header_font=\"|800||||||| \" header_text_align=\"center \" header_text_color=\"#FFFFFF \" header_font_size=\"50px \" header_font_size_tablet= \" \" header_font_size_phone=\"30px \" header_font_size_last_edited=\"on|phone \" global_colors_info=\"{} \" overlay_bg_color_gradient_type__hover=\"linear \" image_bg_color_gradient_type__hover=\"linear \"][\/dipi_image_gallery_child][dipi_image_gallery_child item_image=\"https:\/\/www.petit-train-marseille.com\/wp-content\/uploads\/2023\/03\/JAM30901.jpg \" label= \"Pharo \" show_content_overlay=\"on \" content_container_padding=\"20px|0px|20px|0px|false|false \" content_container_padding_tablet= \" \" content_container_padding_phone= \" \" content_container_padding_last_edited=\"on|phone \" overlay_bg_color_gradient_type_tablet=\"linear \" overlay_bg_color_gradient_type_phone=\"linear \" _builder_version=\"4.20.4\u2033 _module_preset=\"default \" header_font=\"|800||||||| \" header_text_align=\"center \" header_text_color=\"#FFFFFF \" header_font_size=\"50px \" header_font_size_tablet= \" \" header_font_size_phone=\"30px \" header_font_size_last_edited=\"on|phone \" global_colors_info=\"{} \" overlay_bg_color_gradient_type__hover=\"linear \" image_bg_color_gradient_type__hover=\"linear \"][\/dipi_image_gallery_child][dipi_image_gallery_child item_image=\"https:\/\/www.petit-train-marseille.com\/wp-content\/uploads\/2023\/03\/JAM30942.jpg \" label=\"ND de la Garde \" show_content_overlay=\"on \" content_container_padding=\"20px|0px|20px|0px|false|false \" overlay_bg_color_gradient_type_tablet=\"linear \" overlay_bg_color_gradient_type_phone=\"linear \" _builder_version=\"4.20.4\u2033 _module_preset=\"default \" header_font=\"|800||||||| \" header_text_align=\"center \" header_text_color=\"#FFFFFF \" header_font_size=\"50px \" header_font_size_tablet= \" \" header_font_size_phone=\"30px \" header_font_size_last_edited=\"on|phone \" global_colors_info=\"{} \" overlay_bg_color_gradient_type__hover=\"linear \" image_bg_color_gradient_type__hover=\"linear \"][\/dipi_image_gallery_child][dipi_image_gallery_child item_image=\"https:\/\/www.petit-train-marseille.com\/wp-content\/uploads\/2023\/03\/JAM30910.jpg \" label=\"Catalan \" show_content_overlay=\"on \" content_container_padding=\"20px|0px|20px|0px|false|false \" overlay_bg_color_gradient_type_tablet=\"linear \" overlay_bg_color_gradient_type_phone=\"linear \" _builder_version=\"4.20.4\u2033 _module_preset=\"default \" header_font=\"|800||||||| \" header_text_align=\"center \" header_text_color=\"#FFFFFF \" header_font_size=\"50px \" header_font_size_tablet= \" \" header_font_size_phone=\"30px \" header_font_size_last_edited=\"on|phone \" global_colors_info=\"{} \" overlay_bg_color_gradient_type__hover=\"linear \" image_bg_color_gradient_type__hover=\"linear \"][\/dipi_image_gallery_child][dipi_image_gallery_child item_image=\"https:\/\/www.petit-train-marseille.com\/wp-content\/uploads\/2023\/03\/JAM31045.jpg \" label= \"Vieille charit\u00e9 \" _builder_version=\"4.20.4\u2033 _module_preset=\"default \" global_colors_info=\"{} \"][\/dipi_image_gallery_child][dipi_image_gallery_child item_image=\"https:\/\/www.petit-train-marseille.com\/wp-content\/uploads\/2023\/03\/JAM30975.jpg \" label= \"Vieux Port \" _builder_version=\"4.20.4\u2033 _module_preset=\"default \" global_colors_info=\"{} \"][\/dipi_image_gallery_child][dipi_image_gallery_child item_image=\"https:\/\/www.petit-train-marseille.com\/wp-content\/uploads\/2023\/03\/JAM31000.jpg \" label= \"Eglise Saint-Laurent \" _builder_version=\"4.20.4\u2033 _module_preset=\"default \" global_colors_info=\"{} \"][\/dipi_image_gallery_child][dipi_image_gallery_child item_image=\"https:\/\/www.petit-train-marseille.com\/wp-content\/uploads\/2023\/03\/JAM31061.jpg \" label= \"Les Docks \" _builder_version=\"4.20.4\u2033 _module_preset=\"default \" global_colors_info=\"{} \"][\/dipi_image_gallery_child][dipi_image_gallery_child item_image=\"https:\/\/www.petit-train-marseille.com\/wp-content\/uploads\/2023\/03\/JAM31008.jpg \" label= \"Mucem \" _builder_version= \"4.20.4\u2033 _module_preset=\"default \" global_colors_info=\"{} \"][\/dipi_image_gallery_child][\/dipi_image_gallery][\/et_pb_column][\/et_pb_row][\/et_pb_section][et_pb_section fb_built=\"1\u2033 admin_label=\"Call to Action \" _builder_version=\"4.20.2\u2033 _module_preset=\"default \" background_color=\"#239CD3\u2033 border_color_all=\"#000000\u2033 border_color_top=\"#03468C \" locked=\"off \" collapsed=\"on \" global_colors_info=\"{}\"][et_pb_row column_structure=\"3_4,1_4\u2033 make_equal=\"on \" _builder_version=\"4.20.0\u2033 _module_preset=\"default \" max_width=\"none \" global_colors_info=\"{} \"][et_pb_column type=\"3_4\u2033 _builder_version=\"4.20.0\u2033 _module_preset=\"default \" global_colors_info=\"{} \"][et_pb_text _builder_version=\"4.20.2\u2033 _module_preset=\"f559f35a-2fbc-4ef0-a1dd-dace7f28fa05\u2033 header_2_text_color=\"#FFFFFF \" header_2_font_size=\"5vw \" header_2_font_size_tablet=\"6vw \" header_2_font_size_phone=\"8vw \" header_2_font_size_last_edited=\"on|phone \" global_colors_info=\"{} \"]<\/p>\n<h2>Contact \/ Booking<\/h2>\n<p>[\/et_pb_text][et_pb_text _builder_version=\"4.20.2\u2033 _module_preset=\"5425cc29-4f05-4329-8ceb-f8349c4ea033\u2033 header_2_text_color=\"#FFFFFF \" header_3_font=\"Archivo|700||||||| \" header_3_text_color=\"#FFFFFF \" global_colors_info=\"{}\"]<\/p>\n<h3>For information and bookings<\/h3>\n<p>[\/et_pb_text][\/et_pb_column][et_pb_column type=\"1_4\u2033 _builder_version=\"4.20.0\u2033 _module_preset=\"default \" global_colors_info=\"{} \"][et_pb_icon font_icon=\"$||divi||400\u2033 icon_color=\"#FFFFFF\" url=\"@ET-DC@eyJkeW5hbWljIjp0cnVlLCJjb250ZW50IjoicG9zdF9saW5rX3VybF9wYWdlIiwic2V0dGluZ3MiOnsicG9zdF9pZCI6IjE3MiJ9fQ==@ \" align= \"left \" icon_width_tablet= \" \" icon_width_phone=\"70px \" icon_width_last_edited=\"on|phone \" _builder_version=\"4.20.2\u2033 _dynamic_attributes=\"url \" _module_preset= \u00bb3ef884de-0dba-452f-abfd-b9b5ad5cb126\u2033 positioning=\"absolute \" position_origin_a=\"center_right \" position_origin_a_tablet=\"center_right \" position_origin_a_phone=\"center_right \" position_origin_a_last_edited=\"on|phone \" position_origin_f_tablet= \" \" position_origin_f_phone= \" \" position_origin_f_last_edited=\"on|phone \" position_origin_r_tablet= \" \" position_origin_r_phone= \" \" position_origin_r_last_edited=\"on|phone \" custom_margin_last_edited=\"off|desktop \" positioning_tablet=\"absolute \" positioning_phone=\"none \" positioning_last_edited=\"on|phone \" border_color_all=\"#FFFFFF \" global_colors_info=\"{} \" custom_margin__hover_enabled=\"on|hover \" custom_margin__hover=\"|-10px|||false|false \"][\/et_pb_icon][\/et_pb_column][\/et_pb_row][\/et_pb_section]<\/p>","protected":false},"excerpt":{"rendered":"<p>Tour 3 Combined Tour 1 + Tour 2Details of the tour174 Quai du Port13002 Marseille174 Quai du Port13002 MarseilleAdults: \u20ac9Children: \u20ac5Tour 1 This tour will take you from the Vieux Port to Notre Dame de la Garde, via the Corniche, on the seafront, where you'll discover its treasures, such as the Fort Saint Jean [...].<\/p>","protected":false},"author":1,"featured_media":0,"parent":0,"menu_order":5,"comment_status":"closed","ping_status":"closed","template":"","meta":{"_et_pb_use_builder":"on","_et_pb_old_content":"","_et_gb_content_width":"","footnotes":""},"dipi_cpt_category":[],"class_list":["post-1766874","page","type-page","status-publish","hentry"],"_links":{"self":[{"href":"https:\/\/www.petit-train-marseille.com\/en\/wp-json\/wp\/v2\/pages\/1766874","targetHints":{"allow":["GET"]}}],"collection":[{"href":"https:\/\/www.petit-train-marseille.com\/en\/wp-json\/wp\/v2\/pages"}],"about":[{"href":"https:\/\/www.petit-train-marseille.com\/en\/wp-json\/wp\/v2\/types\/page"}],"author":[{"embeddable":true,"href":"https:\/\/www.petit-train-marseille.com\/en\/wp-json\/wp\/v2\/users\/1"}],"replies":[{"embeddable":true,"href":"https:\/\/www.petit-train-marseille.com\/en\/wp-json\/wp\/v2\/comments?post=1766874"}],"version-history":[{"count":13,"href":"https:\/\/www.petit-train-marseille.com\/en\/wp-json\/wp\/v2\/pages\/1766874\/revisions"}],"predecessor-version":[{"id":1767230,"href":"https:\/\/www.petit-train-marseille.com\/en\/wp-json\/wp\/v2\/pages\/1766874\/revisions\/1767230"}],"wp:attachment":[{"href":"https:\/\/www.petit-train-marseille.com\/en\/wp-json\/wp\/v2\/media?parent=1766874"}],"wp:term":[{"taxonomy":"dipi_cpt_category","embeddable":true,"href":"https:\/\/www.petit-train-marseille.com\/en\/wp-json\/wp\/v2\/dipi_cpt_category?post=1766874"}],"curies":[{"name":"wp","href":"https:\/\/api.w.org\/{rel}","templated":true}]}}