{"id":1766280,"date":"2023-03-21T10:09:02","date_gmt":"2023-03-21T09:09:02","guid":{"rendered":"https:\/\/www.petit-train-marseille.com\/?page_id=1766280"},"modified":"2023-09-12T15:28:53","modified_gmt":"2023-09-12T13:28:53","slug":"cgv-aux-professionnels","status":"publish","type":"page","link":"https:\/\/www.petit-train-marseille.com\/de\/cgv-aux-professionnels\/","title":{"rendered":"AGB an Gewerbetreibende"},"content":{"rendered":"<p>[et_pb_section fb_built= \"1\u2033 _builder_version= \"4.20.2\u2033 _module_preset= \"default \" background_color= \"#03468C \" use_background_color_gradient= \"on \" background_color_gradient_direction= \"90deg \" background_color_gradient_stops= \"#03468c 0%|#239cd3 100% \" border_color_bottom= \"#239CD3\u2033 global_colors_info= \"{} \"][et_pb_row _builder_version= \"4.20.2\u2033 _module_preset= \"default \" global_colors_info= \"{} \"][et_pb_column type= \"4_4\u2033 _builder_version= \"4.20.0\u2033 _module_preset= \"default \" global_colors_info= \"{} \"][et_pb_text _builder_version= \"4.20.2\u2033 _module_preset= \"f89c640d-912c-46b2-b38c-7129b815711e \" header_text_color= \"#FFFF \" header_font_size= \"6vw \" header_font_size_tablet= \"6vw \" header_font_size_phone= \"9vw \" header_font_size_last_edited= \"on|phone \" global_colors_info= \"{} \"]<\/p>\n<h1>AGB an Gewerbetreibende<\/h1>\n<p>[\/et_pb_text][\/et_pb_column][\/et_pb_row][\/et_pb_section][et_pb_section fb_built= \"1\u2033 _builder_version= \"4.20.2\u2033 _module_preset= \"default \" global_colors_info= \"{} \"][et_pb_row _builder_version= \"4.20.2\u2033 _module_preset= \"default \" global_colors_info= \"{} \"][et_pb_column type= \"4_4\u2033 _builder_version= \"4.20.2\u2033 _module_preset= \"default \" global_colors_info= \"{} \"][et_pb_text _builder_version= \"4.20.2\u2033 _module_preset= \"f89c640d-912c-46b2-b38c-7129b815711e\" header_text_color= \"#03468C \" header_font_size= \"7vw \" header_2_font= \"Arial|700||||||| \" header_2_text_color= \"#03468C \" header_2_font_size= \"4vw \" header_2_letter_spacing= \"-0.02em \" header_2_font_size_tablet=\"4vw \" header_2_font_size_phone=\"7vw \" header_2_font_size_last_edited=\"on|phone \" locked=\"off \" global_colors_info=\"{} \"]<\/p>\n<h2>Allgemeine Gesch\u00e4ftsbedingungen f\u00fcr den Verkauf zwischen Gesch\u00e4ftsleuten<\/h2>\n<p>[\/et_pb_text][et_pb_divider color= \"#239CD3\u2033 divider_weight= \"8px \" _builder_version= \"4.20.2\u2033 _module_preset= \"default \" width= \"10% \" custom_margin= \"-20px||||false|false \" custom_padding= \"0px||||false|false \" locked= \"off\" global_colors_info= \"{} \"][\/et_pb_divider][\/et_pb_column][\/et_pb_row][et_pb_row _builder_version= \"4.20.2\u2033 _module_preset= \"default \" global_colors_info= \"{} \"][et_pb_column type= \"4_4\u2033 _builder_version= \"4.20.2\u2033 _module_preset= \"default \" global_colors_info= \"{} \"][et_pb_text _builder_version= \"4.20.2\u2033 _module_preset= \"default \" global_colors_info= \"{} \"]<\/p>\n<p><strong>Das Unternehmen YVES CHEVAL SAS<\/strong><br \/>67 bis 71, Avenue F\u00e9lix ZOCCOLA - 13015 MARSEILLE<br \/>TEL 04 91 25 24 69 - Port: 06 15 73 93 89<br \/>RCS Marseille B 505 162 784<\/p>\n<p><em>im Folgenden \"Betreiber oder Anbieter\" genannt<\/em><\/p>\n<p><strong>ARTIKEL 1 - Anwendungsbereich<\/strong><br \/>Die vorliegenden Allgemeinen Gesch\u00e4ftsbedingungen bilden gem\u00e4\u00df Artikel L 441-6 des franz\u00f6sischen Handelsgesetzbuchs (Code du Commerce) die alleinige Grundlage der Gesch\u00e4ftsbeziehung zwischen den Parteien.<br \/>Sie haben zum Ziel, die Bedingungen festzulegen, unter denen die Gesellschaft SAS YVES CHEVAL (\"Der Auftragnehmer\") Gesch\u00e4ftskunden (\"Die Kunden oder der Kunde\"), die \u00fcber die Internetseite des Auftragnehmers, durch direkten Kontakt oder \u00fcber einen Papiertr\u00e4ger bei ihr anfragen, die folgenden Dienste zur Verf\u00fcgung stellt:<br \/>- Vermietung von lokalisierten Fl\u00e4chen auf Werbetr\u00e4gern (\"Petit train marseillais\", Touristenbrosch\u00fcren, Website), die es erm\u00f6glichen, Werbung zu schalten ;<br \/>- Privatisierung des \"Petit train marseillais\", mit Fahrer ;<br \/>(\"die Dienste\").<br \/>Sie gelten ohne Einschr\u00e4nkung oder Vorbehalt f\u00fcr alle Dienstleistungen, die der Auftragnehmer f\u00fcr Kunden der gleichen Kategorie erbringt, unabh\u00e4ngig von den Klauseln, die m\u00f6glicherweise in den Dokumenten des Kunden enthalten sind.<br \/>Gem\u00e4\u00df den geltenden Vorschriften werden diese Allgemeinen Gesch\u00e4ftsbedingungen systematisch jedem Kunden auf Anfrage mitgeteilt, damit er eine Bestellung beim Auftragnehmer aufgeben kann. Sie werden auch jedem Kunden vor Abschluss eines Einzelvertrags nach Artikel L 441-7 des Handelsgesetzbuchs innerhalb der gesetzlichen Fristen mitgeteilt.<br \/>Jede Bestellung von Dienstleistungen setzt voraus, dass der Kunde die vorliegenden Allgemeinen Gesch\u00e4ftsbedingungen und gegebenenfalls die Allgemeinen Nutzungsbedingungen der Website des Anbieters f\u00fcr elektronische Bestellungen akzeptiert.<br \/>Die Angaben in den Katalogen, Prospekten und Preislisten des Auftragnehmers sind unverbindlich und k\u00f6nnen jederzeit ge\u00e4ndert werden.<br \/>Der Auftragnehmer ist berechtigt, alle \u00c4nderungen vorzunehmen, die ihm n\u00fctzlich erscheinen.<br \/>Gem\u00e4\u00df den geltenden Vorschriften beh\u00e4lt sich der Auftragnehmer das Recht vor, von bestimmten Klauseln dieser Allgemeinen Gesch\u00e4ftsbedingungen abzuweichen, je nach den mit dem Kunden gef\u00fchrten Verhandlungen, durch die Unterzeichnung eines Kostenvoranschlags und die Erstellung von Besonderen Gesch\u00e4ftsbedingungen.<\/p>\n<p><strong>ARTIKEL 2- Bestellungen<\/strong><br \/>2-1 Der Verkauf von Dienstleistungen ist erst nach Erstellung eines Kostenvoranschlags und der ausdr\u00fccklichen schriftlichen Annahme der Bestellung des Kunden durch den Auftragnehmer, die durch eine Empfangsbest\u00e4tigung des Auftragnehmers oder eine Gegenzeichnung des Kostenvoranschlags erfolgt, abgeschlossen.<br \/>2-2 Eventuelle vom Kunden gew\u00fcnschte \u00c4nderungen der Bestellung werden im Rahmen der M\u00f6glichkeiten des Auftragnehmers nur ber\u00fccksichtigt, wenn sie mindestens 12 Tage vor dem f\u00fcr die Erbringung der bestellten Dienstleistungen vorgesehenen Datum schriftlich mitgeteilt werden, nachdem der Kunde einen speziellen Bestellschein unterzeichnet und den Preis eventuell angepasst hat.<br \/>2-3 Im Falle einer Stornierung der Bestellung durch den Kunden nach ihrer Annahme durch den Auftragnehmer weniger als 15 Tage vor dem f\u00fcr die Erbringung der bestellten Dienstleistungen vorgesehenen Datum, aus welchem Grund auch immer, wird die bei der Bestellung geleistete Anzahlung, wie im Artikel \"Zahlungsbedingungen - Zahlungsfristen\" der vorliegenden Allgemeinen Gesch\u00e4ftsbedingungen definiert, von Rechts wegen vom Auftragnehmer einbehalten und kann nicht zu irgendeiner R\u00fcckerstattung f\u00fchren.<\/p>\n<p><strong>ARTIKEL 3 - Geb\u00fchren<\/strong><br \/>Die Dienstleistungen werden zu den am Tag der Auftragserteilung g\u00fcltigen Tarifen des Auftragnehmers gem\u00e4\u00df der Preisliste oder gegebenenfalls gem\u00e4\u00df dem zuvor vom Auftragnehmer erstellten und vom Kunden akzeptierten Kostenvoranschlag erbracht, wie oben im Artikel \"Auftr\u00e4ge\" angegeben.<br \/>Die Preise verstehen sich netto und ohne Mehrwertsteuer, die anschlie\u00dfend erh\u00f6ht wird.<br \/>Eine Rechnung wird vom Auftragnehmer erstellt und dem Kunden bei jeder Erbringung von Dienstleistungen ausgeh\u00e4ndigt.<\/p>\n<p><strong>ARTIKEL 4 - Bedingungen f\u00fcr die Beilegung<\/strong><br \/>4-1 Zahlungsfristen :<br \/>Bei Auftragserteilung ist eine Anzahlung in H\u00f6he von 30 % des Gesamtpreises der bestellten Dienstleistungen (inkl. MwSt.) zu leisten. Der Restbetrag ist am Tag der Erbringung der genannten Leistungen in bar unter den im nachfolgenden Artikel \"Modalit\u00e4ten der Erbringung der Dienstleistungen\" festgelegten Bedingungen zu zahlen. Der Auftragnehmer ist nicht verpflichtet, die vom Kunden bestellten Dienstleistungen zu erbringen, wenn der Kunde ihm den Preis nicht unter den in diesen Allgemeinen Gesch\u00e4ftsbedingungen genannten Bedingungen und Modalit\u00e4ten bezahlt.<br \/>4-2 Verzugsstrafen :<br \/>Bei versp\u00e4teter Zahlung und \u00dcberweisung der vom Kunden geschuldeten Betr\u00e4ge nach Ablauf der oben genannten Frist und nach dem Zahlungsdatum, das auf der an den Kunden gerichteten Rechnung angegeben ist, werden dem Auftragnehmer automatisch und von Rechts wegen Verzugsstrafen in H\u00f6he von 15% des Betrags inkl. MwSt. des auf der Rechnung angegebenen Preises f\u00fcr die Dienstleistungen mit einem Minimum von 75 Euro pro Monat sowie eine Pauschalentsch\u00e4digung von 40 Euro ohne jegliche Formalit\u00e4t oder vorherige Mahnung zuerkannt. Dar\u00fcber hinaus f\u00fchrt jeder Zahlungsverzug nach Ablauf der angegebenen Zahlungsfristen zur sofortigen F\u00e4lligkeit der geschuldeten Betr\u00e4ge.<br \/>Der Anbieter kann gegebenenfalls auch die Zahlung einer finanziellen Entsch\u00e4digung als Strafklausel verlangen, die in den besonderen Vertragsbedingungen vorgesehen ist.<br \/>4-3 Fehlende Entsch\u00e4digung :<br \/>Ohne ausdr\u00fcckliche, vorherige und schriftliche Zustimmung des Auftragnehmers und unter der Voraussetzung, dass die gegenseitigen Forderungen und Verbindlichkeiten sicher, liquide und f\u00e4llig sind, kann der Kunde keine g\u00fcltige Aufrechnung vornehmen zwischen eventuellen Strafen f\u00fcr versp\u00e4tete Lieferung der bestellten Dienste oder Nicht\u00fcbereinstimmung mit der Bestellung einerseits und den Betr\u00e4gen, die der Kunde dem Auftragnehmer f\u00fcr den Kauf der genannten Dienste schuldet, andererseits.<\/p>\n<p><strong>ARTIKEL 5 - Modalit\u00e4ten der Erbringung von Dienstleistungen<\/strong><br \/>5-1 Der Auftragnehmer ist bei der Bereitstellung der Dienste nur zur Erbringung von Durchschnittsleistungen verpflichtet.<br \/>Die vom Kunden angeforderten Dienstleistungen werden zu den von den Parteien vereinbarten Terminen und Zeitr\u00e4umen erbracht, sobald der Auftrag formuliert (Angebot) und die Anzahlung geleistet wurde.<br \/>Diese akzeptierten Daten und Zeitr\u00e4ume stellen keine H\u00e4rtefalldaten und -zeitr\u00e4ume f\u00fcr die Vermietung von Werbefl\u00e4chen dar, und der Auftragnehmer kann gegen\u00fcber dem Kunden nicht f\u00fcr Verz\u00f6gerungen bei der Erbringung der Dienstleistungen haftbar gemacht werden, die nicht l\u00e4nger als 10 Tage dauern, au\u00dfer im Fall der Privatisierung des kleinen Zuges ( Vertragsaufl\u00f6sung).<br \/>Bei einer Versp\u00e4tung von mehr als 10 Tagen kann der Kunde die Aufl\u00f6sung der Leistung verlangen. Die bereits geleisteten Anzahlungen werden ihm dann vom Auftragnehmer zur\u00fcckerstattet. Die Aufl\u00f6sung wegen teilweiser Nichterf\u00fcllung kann auf Antrag des Kunden erfolgen, sofern die Leistung nur zu 50 % ihrer Gesamtdauer erbracht wird. (Beispiel: Von einem Monat Medienmiete sind mehr als 15 Tage nicht befahrbar oder nicht ersetzbar).<br \/>Der Auftragnehmer haftet jedoch in keinem Fall f\u00fcr Verz\u00f6gerungen oder Aussetzungen der Leistungserbringung, die dem Kunden zuzurechnen sind, oder f\u00fcr das Eintreten eines Falles h\u00f6herer Gewalt, der \u00fcblicherweise von der franz\u00f6sischen Rechtsprechung anerkannt wird, oder f\u00fcr \u00c4nderungen der beh\u00f6rdlichen, reglementarischen oder polizeilichen Genehmigungen, die der Auftragnehmer zur Erbringung der Leistungen ben\u00f6tigt, sofern diese \u00c4nderungen nicht auf eine Nachl\u00e4ssigkeit des Auftragnehmers zur\u00fcckzuf\u00fchren sind.<br \/>5-2 Die Dienstleistungen werden in Marseille erbracht:<br \/>- die Leistung der Vermietung von Fl\u00e4chen auf dem Petit train marseillais, die die Verbreitung von Werbung erm\u00f6glicht, erfolgt gem\u00e4\u00df den \u00fcblichen Rundfahrten des Petit train marseillais, wie sie auf der Website www.petit-train-marseillais und in den Faltbl\u00e4ttern festgelegt sind.<br \/>- Die Privatisierungsleistung des Petit train marseillais findet gem\u00e4\u00df den Strecken und Orten statt, die in dem vom Kunden akzeptierten Kostenvoranschlag genau festgelegt sind, innerhalb der geografischen Grenzen der Stadt Marseille und vorbehaltlich der notwendigen beh\u00f6rdlichen Genehmigungen f\u00fcr den Verkehr des Petit train marseillais au\u00dferhalb seiner \u00fcblichen Strecken.<br \/>Der Anbieter kann nicht f\u00fcr Mitteilungen \u00fcber \u00c4nderungen verantwortlich gemacht werden, die von Polizei- oder Verwaltungsbeh\u00f6rden einschlie\u00dflich am Tag der Leistung auferlegt werden.<br \/>5-3 Im Falle besonderer W\u00fcnsche des Kunden hinsichtlich der Bedingungen f\u00fcr die Erbringung der Dienste, die der Auftragnehmer ordnungsgem\u00e4\u00df schriftlich akzeptiert hat, werden die damit verbundenen Kosten nach einem zuvor vom Kunden akzeptierten Kostenvoranschlag gesondert und zus\u00e4tzlich in Rechnung gestellt.<br \/>5-4 Der Kunde hat keinen Anspruch auf Exklusivit\u00e4t, da der Auftragnehmer berechtigt ist, seine Dienste jedem anderen Kunden anzubieten, auch f\u00fcr konkurrierende Unternehmen und Aktivit\u00e4ten.<\/p>\n<p><strong>ARTIKEL 6 - Haftung des Auftragnehmers<\/strong><br \/>Der Auftragnehmer haftet nur f\u00fcr nachweisliche Schuld oder Fahrl\u00e4ssigkeit und ist auf direkte Sch\u00e4den unter Ausschluss von indirekten Sch\u00e4den jeglicher Art beschr\u00e4nkt.<br \/>Der Auftragnehmer kann nicht haftbar gemacht werden, wenn die Leistung aufgrund h\u00f6herer Gewalt oder einer \u00c4nderung der beh\u00f6rdlichen, gesetzlichen oder polizeilichen Genehmigungen, die der Auftragnehmer zur Erbringung seiner Leistungen ben\u00f6tigt, nicht oder nur teilweise erbracht werden konnte.<br \/>Der Betreiber beh\u00e4lt sich das Recht vor, die Touren zu \u00e4ndern oder sogar zu stornieren, wenn dies aus technischen, administrativen oder polizeilichen Gr\u00fcnden erforderlich ist oder wenn externe Ereignisse, insbesondere Unwetter und andere Ereignisse, die sich seinem Einfluss entziehen und die Durchf\u00fchrung der Bef\u00f6rderung teilweise oder vollst\u00e4ndig unm\u00f6glich machen, eintreten.<br \/>Bei der Vermietung von Werbefl\u00e4chen hat der Anbieter die M\u00f6glichkeit, die Leistung auf ein anderes Datum oder eine andere Strecke seiner Wahl zu verlegen. Eine R\u00fcckerstattung des Preises ist nicht m\u00f6glich, wenn die \u00c4nderung oder die Unm\u00f6glichkeit zu fahren nicht auf einen Fehler oder eine Nachl\u00e4ssigkeit des Anbieters zur\u00fcckzuf\u00fchren ist.<br \/>Wenn die Verschiebung nicht innerhalb der oben genannten Frist m\u00f6glich ist, wird der Vertrag gem\u00e4\u00df den nachstehenden Bestimmungen aufgel\u00f6st.<br \/>Der Auftragnehmer kann nicht haftbar gemacht werden, wenn die Leistung aufgrund eines Fehlers des Kunden oder einer vom Kunden im Rahmen der Privatisierung des Kleinen Zuges bef\u00f6rderten Person unterbrochen wird.<br \/>In jedem Fall ist im Falle einer Haftung des Auftragnehmers die H\u00f6he des Schadensersatzes, der dem Kunden zugesprochen werden k\u00f6nnte, auf den Betrag inklusive Mehrwertsteuer beschr\u00e4nkt, den der Kunde f\u00fcr die Bereitstellung der Dienste bezahlt hat.<\/p>\n<p><strong>ARTIKEL 7 - Haftung des Kunden<\/strong><br \/>Der Kunde kann f\u00fcr die Besch\u00e4digung von Material, das ihm vom Anbieter w\u00e4hrend der Privatisierung zur Verf\u00fcgung gestellt wurde, haftbar gemacht werden, selbst wenn diese Besch\u00e4digung von einer anderen Person als dem Kunden selbst (z. B. einer bef\u00f6rderten Person) verursacht wurde.<br \/>Der Auftragnehmer beh\u00e4lt sich das Recht vor, den Kunden in Regress zu nehmen, wenn der Auftragnehmer aufgrund von Fehlern des Kunden oder der von ihm bef\u00f6rderten Personen und anl\u00e4sslich der Erbringung der Leistungen haftbar gemacht wird.<\/p>\n<p><strong>Artikel 8 - Aufl\u00f6sung des Vertrags<\/strong><br \/>8-1 Im Falle eines schwerwiegenden Versto\u00dfes des Kunden gegen seine Verpflichtungen aus dem vorliegenden Vertrag kann dieser von Rechts wegen aufgel\u00f6st werden, nachdem eine schriftliche Mahnung per Einschreiben mit R\u00fcckschein 72 Stunden lang ohne Wirkung geblieben ist.<br \/>Wenn die Aufl\u00f6sung des Vertrags auf eine schwerwiegende Pflichtverletzung des Kunden zur\u00fcckzuf\u00fchren ist, f\u00fchrt sie in keinem Fall zu einer R\u00fcckerstattung der von ihm gezahlten Betr\u00e4ge.<br \/>8-2 Der vorliegende Vertrag wird von Rechts wegen aufgel\u00f6st, wenn es dem Auftragnehmer aufgrund h\u00f6herer Gewalt dauerhaft unm\u00f6glich ist, seine Leistung zu erbringen, weil der Zug nicht verkehren kann, weil er nicht die erforderlichen Verkehrsgenehmigungen erhalten hat oder weil die Verschiebung der Leistung nicht innerhalb der in den vorliegenden Allgemeinen Gesch\u00e4ftsbedingungen angegebenen Fristen erfolgen konnte. Die Aufl\u00f6sung erfolgt ab dem Datum des Ereignisses, das den Auftragnehmer daran hindert, die Leistung zu erbringen.<br \/>Wenn die Aufl\u00f6sung des Vertrags auf h\u00f6here Gewalt zur\u00fcckzuf\u00fchren ist, die verhindert, dass der kleine Zug verkehren kann oder dass die erforderlichen Verkehrsgenehmigungen nicht eingeholt werden k\u00f6nnen, f\u00fchrt dies in keinem Fall zu einer R\u00fcckerstattung der vom Kunden gezahlten Betr\u00e4ge. Der Anbieter verpflichtet sich, sich nach besten Kr\u00e4ften um einen Ausgleich zu bem\u00fchen.<br \/>In jedem Fall ist f\u00fcr den Fall, dass der Auftragnehmer aufgrund dieser Aufl\u00f6sung haftbar gemacht wird, die H\u00f6he des eventuell vom Auftragnehmer zu leistenden Schadensersatzes auf den Betrag ohne Mehrwertsteuer beschr\u00e4nkt, den der Kunde f\u00fcr die Bereitstellung der Dienste bezahlt hat.<\/p>\n<p><strong>ARTIKEL 9 - Recht auf geistiges Eigentum<\/strong><br \/>Der Auftragnehmer bleibt Eigent\u00fcmer aller Rechte am geistigen Eigentum an Logos, Zeichnungen, Modellen, Prototypen usw., die im Hinblick auf die Erbringung der Dienstleistungen f\u00fcr den Kunden erstellt wurden.<br \/>Der Kunde darf daher die genannten Logos, Zeichnungen, Modelle und Prototypen nicht vervielf\u00e4ltigen oder verwerten.<\/p>\n<p><strong>ARTIKEL 10 - Anwendbares Recht - Sprache<\/strong><br \/>Die vorliegenden Allgemeinen Gesch\u00e4ftsbedingungen und die sich daraus ergebenden Leistungen unterliegen dem franz\u00f6sischen Recht und sind diesem unterworfen.<br \/>Die vorliegenden Allgemeinen Gesch\u00e4ftsbedingungen sind in franz\u00f6sischer Sprache verfasst. Sollten sie in eine oder mehrere Fremdsprachen \u00fcbersetzt werden, ist im Streitfall allein der franz\u00f6sische Text ma\u00dfgeblich.<\/p>\n<p><strong>ARTIKEL 11 - Streitigkeiten<\/strong><br \/>Alle Streitigkeiten, zu denen die in Anwendung der vorliegenden allgemeinen Verkaufsbedingungen abgeschlossenen Kauf- und Verkaufsgesch\u00e4fte Anlass geben k\u00f6nnten, die sowohl ihre G\u00fcltigkeit, ihre Auslegung, ihre Ausf\u00fchrung, ihre Beendigung, ihre Folgen und ihre Nachwirkungen betreffen und die nicht einvernehmlich zwischen dem Verk\u00e4ufer und dem Kunden gel\u00f6st werden konnten, werden dem Handelsgericht von Marseille vorgelegt.<\/p>\n<p><strong>\u00a0ARTIKEL 12 - Vorvertragliche Informationen - Annahme durch den Kunden<\/strong><br \/>Der Kunde erkennt an, dass er vor der Aufgabe seiner Bestellung in lesbarer und verst\u00e4ndlicher Form \u00fcber die vorliegenden Allgemeinen Gesch\u00e4ftsbedingungen und alle Informationen und Ausk\u00fcnfte gem\u00e4\u00df Artikel L.441-6 III Abs. 1 des franz\u00f6sischen Handelsgesetzbuches informiert wurde.<\/p>\n<p>[\/et_pb_text][\/et_pb_column][\/et_pb_row][\/et_pb_section]<\/p>","protected":false},"excerpt":{"rendered":"<p>AGB f\u00fcr GewerbetreibendeAllgemeine Gesch\u00e4ftsbedingungen f\u00fcr den Verkauf zwischen GewerbetreibendenDie Gesellschaft YVES CHEVAL SAS67 bis 71, Avenue F\u00e9lix ZOCCOLA - 13015 MARSEILLETEL 04 91 25 24 69 - Port: 06 15 73 93 89RCS Marseille B 505 162 784 Nachfolgend \"der Betreiber oder der Anbieter\" genannt ARTICLE PREMIER - AnwendungsbereichDie vorliegenden Allgemeinen Gesch\u00e4ftsbedingungen stellen gem\u00e4\u00df Artikel L 441-6 des [...]].<\/p>","protected":false},"author":1,"featured_media":0,"parent":0,"menu_order":11,"comment_status":"closed","ping_status":"closed","template":"","meta":{"_et_pb_use_builder":"on","_et_pb_old_content":"","_et_gb_content_width":"","footnotes":""},"dipi_cpt_category":[],"class_list":["post-1766280","page","type-page","status-publish","hentry"],"_links":{"self":[{"href":"https:\/\/www.petit-train-marseille.com\/de\/wp-json\/wp\/v2\/pages\/1766280","targetHints":{"allow":["GET"]}}],"collection":[{"href":"https:\/\/www.petit-train-marseille.com\/de\/wp-json\/wp\/v2\/pages"}],"about":[{"href":"https:\/\/www.petit-train-marseille.com\/de\/wp-json\/wp\/v2\/types\/page"}],"author":[{"embeddable":true,"href":"https:\/\/www.petit-train-marseille.com\/de\/wp-json\/wp\/v2\/users\/1"}],"replies":[{"embeddable":true,"href":"https:\/\/www.petit-train-marseille.com\/de\/wp-json\/wp\/v2\/comments?post=1766280"}],"version-history":[{"count":7,"href":"https:\/\/www.petit-train-marseille.com\/de\/wp-json\/wp\/v2\/pages\/1766280\/revisions"}],"predecessor-version":[{"id":1767239,"href":"https:\/\/www.petit-train-marseille.com\/de\/wp-json\/wp\/v2\/pages\/1766280\/revisions\/1767239"}],"wp:attachment":[{"href":"https:\/\/www.petit-train-marseille.com\/de\/wp-json\/wp\/v2\/media?parent=1766280"}],"wp:term":[{"taxonomy":"dipi_cpt_category","embeddable":true,"href":"https:\/\/www.petit-train-marseille.com\/de\/wp-json\/wp\/v2\/dipi_cpt_category?post=1766280"}],"curies":[{"name":"wp","href":"https:\/\/api.w.org\/{rel}","templated":true}]}}