{"id":1766023,"date":"2023-03-20T12:22:18","date_gmt":"2023-03-20T11:22:18","guid":{"rendered":"https:\/\/www.petit-train-marseille.com\/?page_id=1766023"},"modified":"2024-04-04T17:26:43","modified_gmt":"2024-04-04T15:26:43","slug":"professionnels","status":"publish","type":"page","link":"https:\/\/www.petit-train-marseille.com\/de\/professionnels\/","title":{"rendered":"Berufst\u00e4tige"},"content":{"rendered":"<p>[et_pb_section fb_built= \"1\u2033 _builder_version= \"4.20.2\u2033 _module_preset= \"default \" background_color= \"#03468C \" use_background_color_gradient= \"on \" background_color_gradient_direction= \"90deg \" background_color_gradient_stops= \"#03468c 0%|#239cd3 100% \" border_color_bottom= \"#239CD3\u2033 global_colors_info= \"{} \"][et_pb_row _builder_version= \"4.20.2\u2033 _module_preset= \"default \" global_colors_info= \"{} \"][et_pb_column type= \"4_4\u2033 _builder_version= \"4.20.0\u2033 _module_preset= \"default \" global_colors_info= \"{} \"][et_pb_text _builder_version= \"4.20.2\u2033 _module_preset= \"f89c640d-912c-46b2-b38c-7129b815711e \" header_text_color= \"#FFFF \" header_font_size= \"6vw \" global_colors_info= \"{} \"]<\/p>\n<h1>Berufst\u00e4tige<\/h1>\n<p>[\/et_pb_text][\/et_pb_column][\/et_pb_row][\/et_pb_section][et_pb_section fb_built= \"1\u2033 _builder_version= \"4.20.2\u2033 _module_preset= \"default \" background_color= \"#F4F4\u2033 global_colors_info= \"{}\"][et_pb_row column_structure= \"3_4,1_4\u2033 use_custom_gutter= \"on \" _builder_version= \"4.20.2\u2033 width_tablet= \"90% \" width_phone= \"90% \" width_last_edited= \"on|phone \" locked= \"off\" global_colors_info= \"{} \"][et_pb_column type= \"3_4\u2033 _builder_version= \"4.16\u2033 global_colors_info= \"{} \"][et_pb_text _builder_version= \"4.20.2\u2033 _module_preset= \"f89c640d-912c-46b2-b38c-7129b815711e\" header_text_color= \"#03468C \" header_font_size= \"7vw \" header_2_font= \"Arial|700||||||| \" header_2_text_color= \"#03468C \" header_2_font_size= \"4vw \" header_2_letter_spacing= \"-0.02em \" header_2_font_size_tablet=\"4vw \" header_2_font_size_phone=\"8vw \" header_2_font_size_last_edited=\"on|phone \" locked=\"off \" global_colors_info=\"{} \"]<\/p>\n<h2>Dienstleistungen f\u00fcr Berufst\u00e4tige<\/h2>\n<p>[\/et_pb_text][et_pb_divider color= \"#239CD3\u2033 divider_weight= \"8px \" _builder_version= \"4.20.2\u2033 _module_preset= \"default \" width= \"10% \" custom_margin= \"-20px||||false|false \" custom_padding= \"0px||||false|false \" global_colors_info= \"{} \"][\/et_pb_divider][\/et_pb_column][et_pb_column type= \"1_4\u2033 _builder_version= \"4.16\u2033 global_colors_info= \"{} \"][et_pb_blurb title= \"Kapazit\u00e4t eines Zuges \" use_icon= \"on\" font_icon= \"\uf071||fa|900\u2033 icon_placement= \"left \" _builder_version= \"4.20.2\u2033 _module_preset= \"default \" header_font= \"|700||||||| \" header_text_color= \"#03468C \" body_text_color= \"#239CD3\u2033 body_font_size= \"16px \" custom_margin= \"30px||||false|false \" global_colors_info= \"{} \"]<\/p>\n<p>60 Pl\u00e4tze \/ 3 untrennbare Waggons \/ mehrere Z\u00fcge je nach Jahreszeit verf\u00fcgbar<\/p>\n<p>[\/et_pb_blurb][\/et_pb_column][\/et_pb_row][et_pb_row column_structure= \"1_2,1_2\u2033 use_custom_gutter= \"on \" gutter_width= \"2\u2033 make_equal= \"on \" _builder_version= \"4.20.2\u2033 _module_preset= \"default \" global_colors_info= \"{} \"][et_pb_column type= \"1_2\u2033 _builder_version= \"4.20.2\u2033 _module_preset= \"default \" background_color= \"#FFFF \" custom_padding= \"35px|30px|35px|30px|true|true \" global_colors_info= \"{} \"][et_pb_text _builder_version= \"4.20.2\u2033 _module_preset= \"default \" header_2_font= \"Arial|700||||||| \" header_2_text_color= \"#03468C \" header_2_font_size= \"3vw \" header_2_line_height= \"1.2em \" custom_margin=\"||0px||false|false \" header_2_font_size_tablet=\"3vw \" header_2_font_size_phone=\"7vw \" header_2_font_size_last_edited=\"on|desktop\" global_colors_info=\"{} \"]<\/p>\n<h2>Privatisierung<\/h2>\n<p>[\/et_pb_text][et_pb_text _builder_version= \"4.20.2\u2033 _module_preset= \"default \" text_font= \"|300||||||| \" max_width= \"600px \" max_width_tablet= \" \" max_width_phone= \"100% \" max_width_last_edited= \"on|phone\" module_alignment= \"left \" custom_margin= \"27px||||false|false \" global_colors_info= \"{} \"]<\/p>\n<p>Privatisieren Sie den kleinen Zug von Marseille f\u00fcr alle Ihre \u00f6ffentlichen oder privaten Veranstaltungen:<\/p>\n<ul>\n<li>Hochzeiten<\/li>\n<li>Altenheime<\/li>\n<li>Unternehmen<\/li>\n<li>Mairies<\/li>\n<\/ul>\n<p>aber auch Partys, Geburtstage, Kolloquien...<\/p>\n<p>Sie verf\u00fcgen \u00fcber einen oder mehrere Z\u00fcge (60 Sitzpl\u00e4tze), die Bereitstellung eines Fahrers, der Ihnen Marseille in Ihrem eigenen Tempo und gem\u00e4\u00df der von Ihnen festgelegten Route zeigen wird.<br \/>Im Rahmen von Veranstaltungsprogrammen gestalten wir den Zug nach Ihren W\u00fcnschen.<br \/>In einer entspannten, geselligen und originellen Atmosph\u00e4re werden Ihre G\u00e4ste Marseille in unvergesslicher Erinnerung behalten.<\/p>\n<p>[\/et_pb_text][et_pb_text _builder_version= \"4.20.2\u2033 _module_preset= \"default \" custom_margin= \"20px||||false|false \" global_colors_info= \"{} \"]<\/p>\n<p><strong>Auskunft<\/strong><span>\u00a0: St\u00e9phane Serraye, Kommunikationsverantwortlicher der Petits Trains \/\u00a0<\/span><strong><span>contact@petittrainmarseille.com<\/span><\/strong><\/p>\n<p>[\/et_pb_text][et_pb_button button_url= \"@ET-DC@eyJkeW5hbWljIjp0cnVlLCJjb250ZW50IjoicG9zdF9saW5rX3VybF9wYWdlIiwic2V0dGluZ3MiOnsicG9zdF9pCIZZ6IjIxIn19@ \" button_text= \"Kontaktieren Sie uns.uns \" button_alignment=\"left\" button_alignment_tablet=\"left\" button_alignment_phone=\"left\" button_alignment_last_edited=\"on|tablet\" _builder_version=\"4.20.2\u2033 _dynamic_attributes= \"button_url \" _module_preset= \u00bb34266167-1c0b-40c2-bfc1-4c9345bde1e7\u2033 button_text_color= \"#FFFF \" button_bg_color= \"#239CD3\u2033 button_border_width= \"0px \" button_on_hover= \"on \" custom_margin= \"20px||||false|false \" locked= \"off\" global_colors_info= \"{} \" button_icon_color__hover= \"#FFFF \" button_icon_color__hover_enabled= \"off|desktop \" button_text_color__hover_enabled= \"off|desktop \"][\/et_pb_button][\/et_pb_column][\/et_pb_column][et_pb_column type= \"1_2\u2033 _builder_version= \"4.20.2\u2033 _module_preset= \"default \" global_colors_info= \"{}\"][et_pb_image src= \"https:\/\/www.petit-train-marseille.com\/wp-content\/uploads\/2023\/03\/JAM30942.jpg \" alt= \"Fachleute \" title_text= \"JAM30942\u2033 _builder_version= \"4.22.1\u2033 _module_preset= \"default \" global_colors_info= \"{} \"][\/et_pb_image][et_pb_image src= \"https:\/\/www.petit-train-marseille.com\/wp-content\/uploads\/2023\/03\/IMG_7927.jpg \" title_text= \"IMG_7927\u2033 _builder_version= \"4.20.2\u2033 _module_preset= \"default \" global_colors_info= \"{} \"][\/et_pb_image][\/et_pb_column][\/et_pb_row][\/et_pb_section][et_pb_section fb_built= \"1\u2033 custom_padding_last_edited= \"on|phone\" admin_label= \"Header \" _builder_version= \"4.20.2\u2033 _module_preset= \"default\" background_color= \"#F4F4\u2033 custom_padding_tablet= \" \" custom_padding_phone= \"0px||0px||false|false\" border_color_bottom= \"#239CD3\u2033 collapsed= \"on \" global_colors_info= \"{}\"][et_pb_row column_structure= \"1_2,1_2\u2033 use_custom_gutter= \"on\" gutter_width= \"2\u2033 make_equal= \"on\" _builder_version= \"4.20.2\u2033 _module_preset= \"default \" locked= \"off \" global_colors_info= \"{} \"][et_pb_column type= \"1_2\u2033 _builder_version= \"4.20.2\u2033 _module_preset= \"default \" background_color= \"#FFFF \" custom_padding= \"35px|30px|35px|30px|true|true\" global_colors_info= \"{} \"][et_pb_text _builder_version= \"4.20.2\u2033 _module_preset= \"default \" header_2_font= \"Arial|700||||||| \" header_2_text_color= \"#03468C \" header_2_font_size= \"3vw \" header_2_line_height= \"1.2em \" custom_margin=\"||0px||false|false \" header_2_font_size_tablet=\"3vw \" header_2_font_size_phone=\"7vw \" header_2_font_size_last_edited=\"on|desktop\" global_colors_info=\"{} \"]<\/p>\n<h2>Plakatwerbung<\/h2>\n<p>[\/et_pb_text][et_pb_text _builder_version= \"4.20.2\u2033 _module_preset= \"default \" text_font= \"|300||||||| \" max_width= \"600px \" max_width_tablet= \" \" max_width_phone= \"100% \" max_width_last_edited= \"on|phone\" module_alignment= \"left \" custom_margin= \"27px||||false|false \" global_colors_info= \"{} \"]<\/p>\n<p>Entdecken Sie eine originelle und unterhaltsame Art, f\u00fcr Ihr Unternehmen zu werben, indem Sie sich dem kleinen Touristenzug in Marseille anschlie\u00dfen! Bieten Sie Ihren Kunden ein einzigartiges und unterhaltsames Erlebnis und profitieren Sie gleichzeitig von einer optimalen Sichtbarkeit in den belebten Stra\u00dfen der Stadt.<\/p>\n<p>Da jedes Jahr Tausende von Touristen durch die Stra\u00dfen von Marseille fahren, ist der kleine Touristenzug ein wirksames Mittel, um auf sich aufmerksam zu machen und sich von der Konkurrenz abzuheben.<\/p>\n<p>Nutzen Sie diese Gelegenheit, um Ihr Unternehmen auf kreative und innovative Weise zu pr\u00e4sentieren und gleichzeitig unvergessliche Erinnerungen f\u00fcr Ihre Kunden zu schaffen.<\/p>\n<p>[\/et_pb_text][et_pb_text _builder_version= \"4.20.2\u2033 _module_preset= \"default \" custom_margin= \"20px||||false|false \" global_colors_info= \"{} \"]<\/p>\n<p><strong>Auskunft<\/strong><span>\u00a0: St\u00e9phane Serraye, Kommunikationsverantwortlicher der Petits Trains \/\u00a0<\/span><strong><span>contact@petittrainmarseille.com<\/span><\/strong><\/p>\n<p>[\/et_pb_text][et_pb_button button_url= \"@ET-DC@eyJkeW5hbWljIjp0cnVlLCJb250ZW50IjoicG9zdF9saW5rX3VybF9wYWdlIiwic2V0dGluZ3MiOnsicG9zdF9pCI6IjE3MiJ9fQ==@ \" button_text= \"Kontaktieren Sie uns.uns \" button_alignment=\"left\" button_alignment_tablet=\"left\" button_alignment_phone=\"left\" button_alignment_last_edited=\"on|tablet\" _builder_version=\"4.20.2\u2033 _dynamic_attributes= \"button_url \" _module_preset= \u00bb34266167-1c0b-40c2-bfc1-4c9345bde1e7\u2033 button_text_color= \"#FFFF \" button_bg_color= \"#239CD3\u2033 button_border_width= \"0px \" button_on_hover= \"on \" custom_margin= \"20px||||false|false \" locked= \"off\" global_colors_info= \"{} \" button_icon_color__hover= \"#FFFF \" button_icon_color__hover_enabled= \"off|desktop \" button_text_color__hover_enabled= \"off|desktop \"][\/et_pb_button][\/et_pb_column][\/et_pb_column][et_pb_column type= \"1_2\u2033 _builder_version= \"4.20.2\u2033 _module_preset= \"default \" global_colors_info= \"{} \"][et_pb_image src= \"https:\/\/www.petit-train-marseille.com\/wp-content\/uploads\/2023\/05\/habillage_train_OM.jpg\" title_text= \"verkleidung_train_OM\" force_fullwidth= \"on \" _builder_version= \"4.21.0\u2033 _module_preset= \"default \" global_colors_info= \"{} \"][\/et_pb_image][\/et_pb_column][\/et_pb_row][\/et_pb_section][et_pb_section fb_built= \"1\u2033 custom_padding_last_edited= \"on|phone\" _builder_version= \"4.20.2\u2033 _module_preset= \"default \" background_color= \"#F4F4\u2033 custom_padding_tablet= \" \" custom_padding_phone= \"0px||0px||false|false\" global_colors_info= \"{} \"][et_pb_row column_structure= \"1_2,1_2\u2033 use_custom_gutter= \"on\" gutter_width= \"2\u2033 make_equal= \"on\" _builder_version= \"4.21.0\u2033 _module_preset= \"default \" locked= \"off \" global_colors_info= \"{} \"][et_pb_column type= \"1_2\u2033 _builder_version= \"4.20.2\u2033 _module_preset= \"default \" background_color= \"#FFFF \" custom_padding= \"35px|30px|35px|30px|true|true\" global_colors_info= \"{} \"][et_pb_text _builder_version= \"4.20.2\u2033 _module_preset= \"default \" header_2_font= \"Arial|700||||||| \" header_2_text_color= \"#03468C \" header_2_font_size= \"3vw \" header_2_line_height= \"1.2em \" custom_margin=\"||0px||false|false \" header_2_font_size_tablet=\"3vw \" header_2_font_size_phone=\"7vw \" header_2_font_size_last_edited=\"on|desktop\" global_colors_info=\"{} \"]<\/p>\n<h2>Werbung f\u00fcr Zugtickets<\/h2>\n<p>[\/et_pb_text][et_pb_text _builder_version= \"4.20.2\u2033 _module_preset= \"default \" text_font= \"|300||||||| \" max_width= \"600px \" max_width_tablet= \" \" max_width_phone= \"100% \" max_width_last_edited= \"on|phone \" module_alignment= \"left \" custom_margin= \"27px||||false|false \" text_font_size_last_edited= \"off|phone\" global_colors_info= \"{} \"]<\/p>\n<p>Entdecken Sie die einzigartige M\u00f6glichkeit, Ihr Unternehmen mit unserem kleinen Touristenzug in Marseille bei einem Zielpublikum zu bewerben! Mit Tausenden von Fahrg\u00e4sten jeden Monat erh\u00e4lt Ihr Unternehmen eine au\u00dfergew\u00f6hnliche Sichtbarkeit, indem es auf den Zugtickets abgebildet wird.<\/p>\n<p>Nutzen Sie diese Gelegenheit, um den Bekanntheitsgrad Ihres Unternehmens zu steigern, neue Kunden zu gewinnen und gleichzeitig eine lokale Touristenattraktion zu unterst\u00fctzen.<\/p>\n<p>Seien Sie auf den unvergesslichen Fahrten der Passagiere durch die sch\u00f6nsten Viertel von Marseille pr\u00e4sent und teilen Sie Ihre Botschaft mit einem gefesselten Publikum. Kontaktieren Sie uns jetzt, um Ihre Werbefl\u00e4che auf den Zugtickets zu buchen!<\/p>\n<p>[\/et_pb_text][et_pb_text _builder_version= \"4.20.2\u2033 _module_preset= \"default \" custom_margin= \"20px||||false|false \" global_colors_info= \"{} \"]<\/p>\n<p><strong>Auskunft<\/strong><span>\u00a0: St\u00e9phane Serraye, Kommunikationsverantwortlicher der Petits Trains \/\u00a0<\/span><strong><span>contact@petittrainmarseille.com<\/span><\/strong><\/p>\n<p>[\/et_pb_text][et_pb_button button_url= \"@ET-DC@eyJkeW5hbWljIjp0cnVlLCJb250ZW50IjoicG9zdF9saW5rX3VybF9wYWdlIiwic2V0dGluZ3MiOnsicG9zdF9pCI6IjE3MiJ9fQ==@ \" button_text= \"Kontaktieren Sie uns.uns \" button_alignment=\"left\" button_alignment_tablet=\"left\" button_alignment_phone=\"left\" button_alignment_last_edited=\"on|tablet\" _builder_version=\"4.20.2\u2033 _dynamic_attributes= \"button_url \" _module_preset= \u00bb34266167-1c0b-40c2-bfc1-4c9345bde1e7\u2033 button_text_color= \"#FFFF \" button_bg_color= \"#239CD3\u2033 button_border_width= \"0px \" button_on_hover= \"on \" custom_margin= \"20px||||false|false \" locked= \"off\" global_colors_info= \"{} \" button_icon_color__hover= \"#FFFF \" button_icon_color__hover_enabled= \"off|desktop \" button_text_color__hover_enabled= \"off|desktop \"][\/et_pb_button][\/et_pb_column][\/et_pb_column][et_pb_column type= \"1_2\u2033 _builder_version= \"4.21.0\u2033 _module_preset= \"default \" background_color= \"#FFFF \" custom_padding= \"20px|20px|20px|20px|true|true \" border_width_all= \"1px \" border_color_all= \"#D9EDF7\u2033. global_colors_info= \"{} \"][et_pb_blurb title= \"Vorderseite \" use_icon= \"on\" font_icon= \"\"||divi||400\u2033 icon_placement= \"left\" image_icon_width= \"22px \" _builder_version= \"4.20.2\u2033 _module_preset= \"default\" header_level= \"h3\u2033 header_text_color= \"#03468C \" global_colors_info= \"{} \"][\/et_pb_blurb][et_pb_image src= \"https:\/\/www.petit-train-marseille.com\/wp-content\/uploads\/2023\/03\/ticket-train-recto.jpg \" title_text= \"ticket-train-recto\" force_fullwidth= \"on \" _builder_version= \"4.20.2\u2033 _module_preset= \"default\" border_color_all= \"#239CD3\u2033 box_shadow_style= \"preset1\u2033 global_colors_info= \"{} \"][\/et_pb_image][et_pb_blurb title= \"R\u00fcckseite \" use_icon= \"on\" font_icon= \"\"||divi||400\u2033 icon_placement= \"left\" image_icon_width= \"22px\" _builder_version= \"4.20.2\u2033 _module_preset= \"default\" header_level= \"h3\u2033 header_text_color= \"#03468C \" global_colors_info= \"{} \"][\/et_pb_blurb][et_pb_image src= \"https:\/\/www.petit-train-marseille.com\/wp-content\/uploads\/2023\/04\/POUR-LACHAT.jpg \" title_text= \"ZUM KAUFEN\" force_fullwidth= \"on \" _builder_version= \"4.20.2\u2033 _module_preset= \"default \" border_color_all= \"#239CD3\u2033 box_shadow_style= \"preset1\u2033 global_colors_info= \"{} \"][\/et_pb_image][\/et_pb_column][\/et_pb_row][\/et_pb_section][et_pb_section fb_built= \"1\u2033 admin_label= \"Call to Action \" _builder_version= \"4.20.2\u2033 _module_preset= \"default \" background_color= \"#239CD3\u2033 border_color_all= \"#000000\u2033 border_color_top= \"#03468C \" locked= \"off \" collapsed= \"on \" global_colors_info= \"{} \"][et_pb_row column_structure= \"3_4,1_4\u2033 make_equal= \"on \" _builder_version= \"4.24.2\u2033 _module_preset= \"default \" locked= \"off \" global_colors_info= \"{} \"][et_pb_column type= \"3_4\u2033 _builder_version= \"4.20.0\u2033 _module_preset= \"default \" global_colors_info= \"{} \"][et_pb_text _builder_version= \"4.24.2\u2033 _module_preset= \"f559f35a-2fbc-4ef0-a1dd-.dace7f28fa05\u2033 header_2_text_color=\"#FFFF \" header_2_font_size=\"4vw \" header_2_font_size_tablet=\"6vw \" header_2_font_size_phone=\"8vw \" header_2_font_size_last_edited=\"on|phone\" global_colors_info=\"{} \"]<\/p>\n<h2>Kontakt \/ Buchung<\/h2>\n<p>[\/et_pb_text][et_pb_text _builder_version= \"4.20.2\u2033 _module_preset= \"5425cc29-4f05-4329-8ceb-f8349c4ea033\u2033 header_2_text_color= \"#FFFF \" header_3_font= \"Archivo|700||||||| \" header_3_text_color= \"#FFFF \" global_colors_info= \"{} \"]<\/p>\n<h3>F\u00fcr weitere Informationen, Infos und Reservierungen<\/h3>\n<p>[\/et_pb_text][\/et_pb_column][et_pb_column type= \"1_4\u2033 _builder_version= \"4.20.0\u2033 _module_preset= \"default \" global_colors_info= \"{} \"][et_pb_icon font_icon= \"$||divi||400\u2033 icon_color= \"#FFFF \" url= \"@ET-.DC@eyJkeW5hbWljIjp0cnVlLCJjb250ZW50IjoicG9zdF9saW5rX3VybF9wYWdlIiwic2V0dGluZ3MiOnsicG9zdF9pZCI6IjE3MiJ9fQ==@ \" align=@ \"left\" icon_width_tablet= \" \" icon_width_phone= \"70px \" icon_width_last_edited= \"on|phone \" _builder_version= \"4.20.2\u2033 _dynamic_attributes= \"url \" _module_preset= \u00bb3ef884de-0dba-452f-abfd-b9b5ad5cb126\u2033 positioning= \"absolute \" position_origin_a= \"center_right\" position_origin_a_tablet= \"center_right\" position_origin_a_phone= \"center_right\" position_origin_a_last_edited= \"on|phone\" position_origin_f_tablet= \" \" position_origin_f_phone= \" \" position_origin_f_last_edited= \"on|phone\" position_origin_r_tablet= \" \" position_origin_r_phone= \" \" position_origin_r_last_edited= \"on|phone\" custom_margin_last_edited= \"off|desktop\" positioning_tablet= \"absolute\" positioning_phone= \"none\" positioning_last_edited= \"on|phone\" border_color_all= \"#FFFF \" global_colors_info= \"{} \" custom_margin__hover_enabled= \"on|hover\" custom_margin__hover= \"|-10px|||false|false \"][\/et_pb_icon][\/et_pb_column][\/et_pb_row][\/et_pb_section]<\/p>","protected":false},"excerpt":{"rendered":"<p>Gesch\u00e4ftsleuteDienstleistungen f\u00fcr Gesch\u00e4ftsleute60 Pl\u00e4tze \/ 3 untrennbare Waggons \/ mehrere Z\u00fcge je nach Jahreszeit verf\u00fcgbarPrivatisierungPrivatisieren Sie den kleinen Zug von Marseille f\u00fcr alle Ihre \u00f6ffentlichen oder privaten Veranstaltungen: Hochzeiten Altersheime Unternehmen Rath\u00e4user aber auch Partys, Geburtstage, Kolloquien... Sie verf\u00fcgen \u00fcber einen oder mehrere Z\u00fcge (60 Sitzpl\u00e4tze), die [...].<\/p>","protected":false},"author":1,"featured_media":0,"parent":0,"menu_order":8,"comment_status":"closed","ping_status":"closed","template":"","meta":{"_et_pb_use_builder":"on","_et_pb_old_content":"","_et_gb_content_width":"","footnotes":""},"dipi_cpt_category":[],"class_list":["post-1766023","page","type-page","status-publish","hentry"],"_links":{"self":[{"href":"https:\/\/www.petit-train-marseille.com\/de\/wp-json\/wp\/v2\/pages\/1766023","targetHints":{"allow":["GET"]}}],"collection":[{"href":"https:\/\/www.petit-train-marseille.com\/de\/wp-json\/wp\/v2\/pages"}],"about":[{"href":"https:\/\/www.petit-train-marseille.com\/de\/wp-json\/wp\/v2\/types\/page"}],"author":[{"embeddable":true,"href":"https:\/\/www.petit-train-marseille.com\/de\/wp-json\/wp\/v2\/users\/1"}],"replies":[{"embeddable":true,"href":"https:\/\/www.petit-train-marseille.com\/de\/wp-json\/wp\/v2\/comments?post=1766023"}],"version-history":[{"count":105,"href":"https:\/\/www.petit-train-marseille.com\/de\/wp-json\/wp\/v2\/pages\/1766023\/revisions"}],"predecessor-version":[{"id":1767455,"href":"https:\/\/www.petit-train-marseille.com\/de\/wp-json\/wp\/v2\/pages\/1766023\/revisions\/1767455"}],"wp:attachment":[{"href":"https:\/\/www.petit-train-marseille.com\/de\/wp-json\/wp\/v2\/media?parent=1766023"}],"wp:term":[{"taxonomy":"dipi_cpt_category","embeddable":true,"href":"https:\/\/www.petit-train-marseille.com\/de\/wp-json\/wp\/v2\/dipi_cpt_category?post=1766023"}],"curies":[{"name":"wp","href":"https:\/\/api.w.org\/{rel}","templated":true}]}}