{"id":161,"date":"2023-03-14T17:49:05","date_gmt":"2023-03-14T16:49:05","guid":{"rendered":"https:\/\/www.petit-train-marseille.com\/?page_id=161"},"modified":"2025-09-04T10:30:39","modified_gmt":"2025-09-04T08:30:39","slug":"circuit-3-les-iles-du-frioul","status":"publish","type":"page","link":"https:\/\/www.petit-train-marseille.com\/de\/circuit-3-les-iles-du-frioul\/","title":{"rendered":"Rundreise 3: Die Frioul-Inseln"},"content":{"rendered":"<p>[et_pb_section fb_built= \"1\u2033 _builder_version= \"4.20.2\u2033 _module_preset= \"default \" background_color= \"#03468C \" use_background_color_gradient= \"on \" background_color_gradient_direction= \"90deg \" background_color_gradient_stops= \"#03468C \". \"#03468c 0%|#239cd3 100% \" border_color_bottom= \"#239CD3\u2033 locked= \"off \" global_colors_info= \"{} \"][et_pb_row _builder_version= \"4.20.2\u2033 _module_preset= \"default \" global_colors_info= \"{}\"][et_pb_column type= \"4_4\u2033 _builder_version= \"4.20.0\u2033 _module_preset= \"default \" global_colors_info= \"{}\"][et_pb_text _builder_version= \"4.25.2\u2033 _module_preset= \"f89c640d-912c-46b2-b38c-7129b815711e \" header_text_color= \"#FFFF \" header_font_size= \"6vw \" header_font_size_tablet= \"7vw \" header_font_size_phone= \"9vw \" header_font_size_last_edited= \"on|phone \" global_colors_info= \"{} \"]<\/p>\n<h1><span style=\"font-size: 5vw;\">Rundgang 3<\/span><br \/>Die Frioul-Inseln<\/h1>\n<p>[\/et_pb_text][\/et_pb_column][\/et_pb_row][\/et_pb_section][et_pb_section fb_built= \"1\u2033 disabled_on= \"off|off|off \" admin_label= \"Benachrichtigungsbanner\" _builder_version= \"4.27.4\u2033 background_color= \"rgba(242,43,43,0.88) \" custom_padding= \"0px||0px||true|false \" hover_enabled= \"0\u2033 locked= \"off\" collapsed= \"off\" global_colors_info= \"{} \" sticky_enabled= \"0\u2033][et_pb_row _builder_version= \"4.21.0\u2033 width= \"95% \" overflow-x= \"hidden\" overflow-y= \"hidden\" custom_padding= \"10px||10px||true|false \" border_radii= \"on|10px|10px|10px \" global_colors_info= \"{} \"][et_pb_column type= \"4_4\u2033 _builder_version= \"4.16\u2033 global_colors_info= \"{} \"][et_pb_text disabled_on= \"off|off|off \" admin_label= \"Diese Strecke ist bis zur n\u00e4chsten Sommersaison geschlossen!\" _builder_version= \"4.27.4\u2033 text_font= \"Arial|||||||| \" text_text_color= \"#FFFF \" text_font_size= \"40px \" text_letter_spacing= \"-1px \" text_line_height= \"1.2em \" text_orientation=\"center\" animation_direction=\"right\" hover_enabled=\"0\u2033 text_font_size_tablet=\"40px\" text_font_size_phone=\"17px\" text_font_size_last_edited=\"on|phone\" global_colors_info=\"{}\" sticky_enabled=\"0\u2033]<\/p>\n<p>Dieser Rundgang ist bis zum n\u00e4chsten Sommer geschlossen<\/p>\n<p>[\/et_pb_text][\/et_pb_column][\/et_pb_row][\/et_pb_section][et_pb_section fb_built= \"1\u2033 admin_label= \"Header \" _builder_version= \"4.20.2\u2033 _module_preset= \"default\" background_color= \"#F4F4\u2033 border_color_bottom= \"#239CD3\u2033 collapsed= \"off\" global_colors_info= \"{} \"][et_pb_row column_structure= \"3_4,1_4\u2033 use_custom_gutter= \"on\" gutter_width= \"2\u2033 _builder_version= \"4.20.2\u2033 width_tablet= \"90% \" width_phone= \"90% \" width_last_edited= \"on|phone \" locked= \"off\" global_colors_info= \"{} \"][et_pb_column type= \"3_4\u2033 _builder_version= \"4.16\u2033 global_colors_info= \"{} \"][et_pb_text _builder_version= \"4.20.2\u2033 _module_preset= \"f89c640d-912c-46b2-b38c-7129b815711e\" header_text_color= \"#03468C \" header_font_size= \"7vw \" header_2_font= \"Arial|700||||||| \" header_2_text_color= \"#03468C \" header_2_font_size= \"4vw \" header_2_letter_spacing= \"-0.02em \" header_2_font_size_tablet=\"5vw \" header_2_font_size_phone=\"7vw \" header_2_font_size_last_edited=\"on|phone \" locked=\"off \" global_colors_info=\"{} \"]<\/p>\n<h2>Details der Tour<\/h2>\n<p>[\/et_pb_text][et_pb_divider color= \"#239CD3\u2033 divider_weight= \"8px \" _builder_version= \"4.20.2\u2033 _module_preset= \"default \" width= \"10% \" custom_margin= \"-5px||||false|false \" custom_padding= \"0px||||false|false \" global_colors_info= \"{} \"][\/et_pb_divider][\/et_pb_column][et_pb_column type= \"1_4\u2033 _builder_version= \"4.16\u2033 global_colors_info= \"{} \"][et_pb_blurb title= \"Abfahrt des Zuges\" use_icon= \"on \" font_icon= \"\ue081||divi||400\u2033 icon_placement= \"left \" disabled_on= \"on|on|off\" _builder_version= \"4.20.2\u2033 _module_preset= \"default \" header_font= \"|700||||||| \" header_text_color= \"#03468C \" body_text_color= \"#239CD3\u2033 custom_margin= \"30px||||false|false \" global_colors_info= \"{} \"]<\/p>\n<p>Gegen\u00fcber der Anlegestelle, abh\u00e4ngig vom Schiffspendelverkehr.<\/p>\n<p>[\/et_pb_blurb][\/et_pb_column][\/et_pb_row][et_pb_row column_structure= \"1_2,1_2\u2033 disabled_on= \"off|off|on \" module_class= \"two-col-mob\" _builder_version= \"4.20.2\u2033 _module_preset= \"default \" custom_margin= \"-29px||0px||false|false \" custom_padding= \"0px||0px||false|false \" locked= \"off \" global_colors_info= \"{} \"][et_pb_column type= \"1_2\u2033 _builder_version= \"4.20.2\u2033 _module_preset= \"default \" global_colors_info= \"{} \"][et_pb_blurb title= \"Abfahrt des Zuges \" use_icon= \"on \" font_icon= \"\ue081||divi||400\u2033 icon_placement= \"left \" image_icon_width= \"30px \" _builder_version= \"4.20.2\u2033 _module_preset= \"default \" header_font= \"|700||||||| \" header_text_color= \"#03468C \" body_text_color= \"#239CD3\u2033 custom_margin= \"30px||||false|false \" header_font_size_tablet= \" \" header_font_size_phone= \" header_font_size_tablet= \" \" header_font_size_phone= \" header_font_size_tablet= \" \" header_font_size_tablet= \". \"17px \" header_font_size_last_edited= \"on|phone \" body_font_size_tablet= \" \" body_font_size_phone= \"16px \" body_font_size_last_edited= \"on|phone \" global_colors_info= \"{} \"]Gegen\u00fcber der Anlegestelle,<br \/>\nabh\u00e4ngig von den Seependelverkehren.[\/et_pb_blurb][\/et_pb_column][et_pb_column type= \"1_2\u2033 _builder_version= \"4.20.2\u2033 _module_preset= \"default \" global_colors_info= \"{} \"][et_pb_blurb title= \"Preise \" use_icon= \"on \" font_icon= \"\ue07c||divi||400\u2033 icon_placement= \"left\" image_icon_width= \"30px \" _builder_version= \"4.20.2\u2033 _module_preset= \"default \" header_font= \"|700||||||| \" header_text_color= \"#03468C \" body_text_color= \"#239CD3\u2033 custom_margin= \"30px||||false|false \" body_font_size_tablet= \" \" body_font_size_phone= \"16px \" body_font_size_last_edited= \"on|phone \" global_colors_info= \"{} \"]<\/p>\n<p>Erwachsener: 5\u20ac<br \/>Kind: 3\u20ac<\/p>\n<p>[\/et_pb_blurb][\/et_pb_column][\/et_pb_row][et_pb_row column_structure= \"1_2,1_2\u2033 use_custom_gutter= \"on \" gutter_width= \"1\u2033 make_equal= \"on \" _builder_version= \"4.20.2\u2033 _module_preset= \"default\" locked= \"off \" global_colors_info= \"{} \"][et_pb_column type= \"1_2\u2033 _builder_version= \"4.20.0\u2033 _module_preset= \"default\" global_colors_info= \"{} \"][et_pb_image src= \"https:\/\/www.petit-train-marseille.com\/wp-content\/uploads\/2023\/03\/traces_site-5.jpg \" alt= \"Die Frioul-Inseln\" title_text= \"traces_site-5\u2033 show_in_lightbox= \"on \" use_overlay= \"on \" overlay_icon_color= \"#FFFF \" hover_overlay_color= \"rgba(0,0,0,0.46) \" hover_icon= \"0||divi||400\u2033 force_fullwidth= \"on \" _builder_version= \"4.22.1\u2033 _module_preset= \"default \" border_color_all= \"#239CD3\u2033 global_colors_info= \"{} \"][\/et_pb_image][\/et_pb_column][et_pb_column type= \"1_2\u2033 _builder_version= \"4.20.2\u2033 _module_preset= \"default \" background_color= \"#FFFF \" custom_padding= \"20px|30px|20px|30px|false|true \" global_colors_info= \"{} \"][et_pb_text _builder_version= \"4.27.4\u2033 _module_preset= \"83d72e45-6a93-4f37-9623-.97df190c7fa1\u2033 text_font= \"|300||||||| \" text_text_color= \"#1d1d \" background_color= \"#FFFFFF \" text_orientation= \"justified \" text_font_size_tablet= \" \" text_font_size_phone= \"16px \" text_font_size_last_edited= \"on|phone \" border_color_all= \"#239CD3\u2033 locked= \"off \" global_colors_info= \"{} \"]<\/p>\n<p>Der Petit Train de Marseille macht w\u00e4hrend der Sommersaison auf den Frioul-Inseln Halt.<\/p>\n<p>Dieser Rundgang ist vom 28. Juni bis zum 31. August zug\u00e4nglich (die Daten variieren um 1 oder 2 Tage).<\/p>\n<p>Sie werden eine gute Zeit haben, wenn Sie diesen magischen Ort, die Frioul-Inseln, mit einem kleinen Zug besichtigen.<br \/>Auf dem Rundgang am Meer k\u00f6nnen Sie das H\u00f4pital Caroline, ein unter Denkmalschutz stehendes Geb\u00e4ude, sowie den Strand Sainte Est\u00e8ve neben dem Fort Ratonneau entdecken, von dem aus Sie das Ch\u00e2teau d'If und die Reede von Marseille bewundern k\u00f6nnen.<\/p>\n<p>Abfahrt: Gegen\u00fcber der Anlegestelle, abh\u00e4ngig vom Schiffspendelverkehr.<br \/>Dauer der Rundreise : Ca. 30 Minuten<\/p>\n<p>[\/et_pb_text][\/et_pb_column][\/et_pb_row][et_pb_row _builder_version= \"4.20.2\u2033 _module_preset= \"default \" global_colors_info= \"{} \"][et_pb_column type= \"4_4\u2033 _builder_version= \"4.20.2\u2033 _module_preset= \"default\" global_colors_info= \"{} \"][et_pb_text _builder_version= \"4.27.4\u2033 _module_preset= \"default\" module_alignment= \"center \" global_colors_info= \"{} \"]<\/p>\n<table border=\"2\" style=\"height: 361px; width: 100%; border-collapse: collapse; background-color: #ffffff; border-style: solid; border-color: #000000;\">\n<tbody>\n<tr style=\"background-color: #239cd3; border-style: solid;\">\n<td style=\"width: 5.11155%; height: 25px;\"><\/td>\n<td style=\"width: 39.4981%; height: 25px;\"><span class=\"bandeau\">Hochsaison<\/span><\/td>\n<\/tr>\n<tr style=\"height: 48px; border-style: solid;\">\n<td style=\"width: 5.11155%; height: 48px;\"><strong><span style=\"color: #000000;\">Monat<\/span><\/strong><\/td>\n<td style=\"width: 39.4981%; height: 48px;\"><span style=\"color: #000000;\">28. Juni bis 31. August (Daten variieren um 1 oder 2 Tage)<\/span><\/td>\n<\/tr>\n<tr style=\"height: 72px; border-style: solid;\">\n<td style=\"width: 5.11155%; height: 72px;\"><strong><span style=\"color: #000000;\">Dauer<\/span><\/strong><\/td>\n<td style=\"width: 39.4981%; height: 72px;\"><span>ca. 30 min<\/span><\/td>\n<\/tr>\n<tr style=\"height: 48px; border-style: solid;\">\n<td style=\"width: 5.11155%; height: 48px;\"><strong><span style=\"color: #000000;\">Abreise<\/span><\/strong><\/td>\n<td style=\"width: 39.4981%; height: 48px;\"><span>gegen\u00fcber der Anlegestelle, abh\u00e4ngig vom Schiffspendelverkehr<\/span><\/td>\n<\/tr>\n<tr style=\"height: 48px; border-style: solid;\">\n<td style=\"width: 5.11155%; height: 48px;\"><strong><span style=\"color: #000000;\">Tarif Erwachsene<\/span><\/strong><\/td>\n<td style=\"width: 39.4981%; height: 48px;\"><span style=\"color: #03468c;\"><strong>5\u20ac<\/strong><\/span><\/td>\n<\/tr>\n<tr style=\"height: 48px; border-style: solid;\">\n<td style=\"width: 5.11155%; height: 48px;\"><strong><span style=\"color: #000000;\">Tarif Kind<\/span><\/strong><\/td>\n<td style=\"width: 39.4981%; height: 48px;\"><strong><span style=\"color: #03468c;\">3\u20ac<\/span><\/strong><\/td>\n<\/tr>\n<\/tbody>\n<\/table>\n<p>[\/et_pb_text][\/et_pb_column][\/et_pb_row][\/et_pb_section][et_pb_section fb_built= \"1\u2033 custom_padding_last_edited= \"on|tablet \" _builder_version= \"4.20.2\u2033 background_enable_image= \"off\" custom_padding_tablet= \"80px||60px||false|false \" custom_padding_phone= \"60px||60px||false|false \" global_colors_info= \"{} \" transform_styles__hover_enabled= \"off|desktop\" transform_scale__hover_enabled= \"off|desktop\" transform_scale__hover_enabled= \"off\". \"off|desktop \" transform_translate__hover_enabled= \"off|desktop \" transform_rotate__hover_enabled= \"off|desktop \" transform_skew__hover_enabled= \"off|desktop \" transform_origin__hover_enabled= \"off|desktop \"][et_pb_row _builder_version= \"4.20.2\u2033 _module_preset= \"default \" locked= \"off \" global_colors_info= \"{} \"][et_pb_column type= \"4_4\u2033 _builder_version= \"4.20.0\u2033 _module_preset= \"default \" global_colors_info= \"{} \"][et_pb_text _builder_version= \"4.20.2\u2033 _module_preset= \"f89c640d-912c-46b2-b38c-7129b815711e \" header_text_color= \"#03468C \" header_font_size= \"7vw \" header_2_font= \"Arial|700||||||| \" header_2_text_color= \"#03468C \" header_2_font_size= \"4vw \" header_2_letter_spacing= \"-0.02em \" header_2_font_size_tablet=\"5vw \" header_2_font_size_phone=\"7vw \" header_2_font_size_last_edited=\"on|phone \" locked=\"off \" global_colors_info=\"{} \"]<\/p>\n<h2>\u00dcbersicht \u00fcber die Strecke<\/h2>\n<p>[\/et_pb_text][et_pb_divider color= \"#239CD3\u2033 divider_weight= \"8px \" _builder_version= \"4.20.2\u2033 _module_preset= \"default \" width= \"10% \" custom_margin= \"-20px||||false|false \" custom_padding= \"0px||||false|false \" locked= \"off\" global_colors_info= \"{} \"][\/et_pb_divider][\/et_pb_column][\/et_pb_row][et_pb_row column_structure= \"1_2,1_2\u2033 _builder_version= \"4.20.2\u2033 width_tablet= \"90% \" width_phone= \"90% \" width_last_edited= \"on|phone \" global_colors_info= \"{}\"][et_pb_column type= \"1_2\u2033 _builder_version= \"4.16\u2033 global_colors_info= \"{}\"][et_pb_image src= \"https:\/\/www.petit-train-marseille.com\/wp-content\/uploads\/2023\/03\/frioul1.jpg \" title_text= \"frioul1\u2033 force_fullwidth= \"on \" _builder_version= \"4.20.2\u2033 _module_preset= \"default \" global_colors_info= \"{}\"][\/et_pb_image][\/et_pb_column][et_pb_column type= \"1_2\u2033 _builder_version= \"4.16\u2033 global_colors_info= \"{}\"][et_pb_image src= \"https:\/\/www.petit-train-marseille.com\/wp-content\/uploads\/2023\/03\/frioul2.jpg \" title_text= \"frioul2\u2033 force_fullwidth= \"on\" _builder_version= \"4.20.2\u2033 _module_preset= \"default \" global_colors_info= \"{} \"][\/et_pb_image][\/et_pb_column][\/et_pb_row][\/et_pb_section][et_pb_section fb_built= \"1\u2033 admin_label= \"Call to Action \" _builder_version= \"4.20.2\u2033 _module_preset= \"default\" background_color= \"#239CD3\u2033 border_color_all= \"#000000\u2033 locked= \"off\" collapsed= \"on \" global_colors_info= \"{} \"][et_pb_row column_structure= \"3_4,1_4\u2033 make_equal= \"on \" _builder_version= \"4.24.2\u2033 _module_preset= \"default \" locked= \"off \" global_colors_info= \"{} \"][et_pb_column type= \"3_4\u2033 _builder_version= \"4.20.0\u2033 _module_preset= \"default \" global_colors_info= \"{} \"][et_pb_text _builder_version= \"4.24.2\u2033 _module_preset= \"f559f35a-2fbc-4ef0-a1dd-.dace7f28fa05\u2033 header_2_text_color=\"#FFFF \" header_2_font_size=\"4vw \" header_2_font_size_tablet=\"6vw \" header_2_font_size_phone=\"8vw \" header_2_font_size_last_edited=\"on|phone\" global_colors_info=\"{} \"]<\/p>\n<h2>Kontakt \/ Buchung<\/h2>\n<p>[\/et_pb_text][et_pb_text _builder_version= \"4.20.2\u2033 _module_preset= \"5425cc29-4f05-4329-8ceb-f8349c4ea033\u2033 header_2_text_color= \"#FFFF \" header_3_font= \"Archivo|700||||||| \" header_3_text_color= \"#FFFF \" global_colors_info= \"{} \"]<\/p>\n<h3>F\u00fcr weitere Informationen, Infos und Reservierungen<\/h3>\n<p>[\/et_pb_text][\/et_pb_column][et_pb_column type= \"1_4\u2033 _builder_version= \"4.20.0\u2033 _module_preset= \"default \" global_colors_info= \"{} \"][et_pb_icon font_icon= \"$||divi||400\u2033 icon_color= \"#FFFF \" url= \"@ET-.DC@eyJkeW5hbWljIjp0cnVlLCJjb250ZW50IjoicG9zdF9saW5rX3VybF9wYWdlIiwic2V0dGluZ3MiOnsicG9zdF9pZCI6IjE3MiJ9fQ==@ \" align=@ \"left\" icon_width_tablet= \" \" icon_width_phone= \"70px \" icon_width_last_edited= \"on|phone \" _builder_version= \"4.20.2\u2033 _dynamic_attributes= \"url \" _module_preset= \u00bb3ef884de-0dba-452f-abfd-b9b5ad5cb126\u2033 positioning= \"absolute \" position_origin_a= \"center_right\" position_origin_a_tablet= \"center_right\" position_origin_a_phone= \"center_right\" position_origin_a_last_edited= \"on|phone\" position_origin_f_tablet= \" \" position_origin_f_phone= \" \" position_origin_f_last_edited= \"on|phone\" position_origin_r_tablet= \" \" position_origin_r_phone= \" \" position_origin_r_last_edited= \"on|phone\" custom_margin_last_edited= \"off|desktop\" positioning_tablet= \"absolute\" positioning_phone= \"none\" positioning_last_edited= \"on|phone\" border_color_all= \"#FFFF \" global_colors_info= \"{} \" custom_margin__hover_enabled= \"on|hover\" custom_margin__hover= \"|-10px|||false|false \"][\/et_pb_icon][\/et_pb_column][\/et_pb_row][\/et_pb_section]<\/p>","protected":false},"excerpt":{"rendered":"<p>Rundfahrt 3Les \u00eeles du FrioulDiese Rundfahrt ist bis zum n\u00e4chsten Sommer geschlossenDetails zur RundfahrtGegen\u00fcber der Anlegestelle, abh\u00e4ngig von den Schiffspendelverkehren.Gegen\u00fcber der Anlegestelle, abh\u00e4ngig von den Schiffspendelverkehren.Erwachsene: 5\u20acKinder: 3\u20acDer Petit Train de Marseille macht w\u00e4hrend der Sommersaison Halt auf den Frioul-Inseln. Diese Strecke ist vom 28. Juni [...] zug\u00e4nglich.<\/p>","protected":false},"author":1,"featured_media":0,"parent":0,"menu_order":4,"comment_status":"closed","ping_status":"closed","template":"","meta":{"_et_pb_use_builder":"on","_et_pb_old_content":"","_et_gb_content_width":"","footnotes":""},"dipi_cpt_category":[],"class_list":["post-161","page","type-page","status-publish","hentry"],"_links":{"self":[{"href":"https:\/\/www.petit-train-marseille.com\/de\/wp-json\/wp\/v2\/pages\/161","targetHints":{"allow":["GET"]}}],"collection":[{"href":"https:\/\/www.petit-train-marseille.com\/de\/wp-json\/wp\/v2\/pages"}],"about":[{"href":"https:\/\/www.petit-train-marseille.com\/de\/wp-json\/wp\/v2\/types\/page"}],"author":[{"embeddable":true,"href":"https:\/\/www.petit-train-marseille.com\/de\/wp-json\/wp\/v2\/users\/1"}],"replies":[{"embeddable":true,"href":"https:\/\/www.petit-train-marseille.com\/de\/wp-json\/wp\/v2\/comments?post=161"}],"version-history":[{"count":62,"href":"https:\/\/www.petit-train-marseille.com\/de\/wp-json\/wp\/v2\/pages\/161\/revisions"}],"predecessor-version":[{"id":1767651,"href":"https:\/\/www.petit-train-marseille.com\/de\/wp-json\/wp\/v2\/pages\/161\/revisions\/1767651"}],"wp:attachment":[{"href":"https:\/\/www.petit-train-marseille.com\/de\/wp-json\/wp\/v2\/media?parent=161"}],"wp:term":[{"taxonomy":"dipi_cpt_category","embeddable":true,"href":"https:\/\/www.petit-train-marseille.com\/de\/wp-json\/wp\/v2\/dipi_cpt_category?post=161"}],"curies":[{"name":"wp","href":"https:\/\/api.w.org\/{rel}","templated":true}]}}